{"id":85907,"date":"2025-08-16T07:25:28","date_gmt":"2025-08-16T05:25:28","guid":{"rendered":"https:\/\/stamar.pl\/?post_type=product&#038;p=85907"},"modified":"2026-04-08T10:09:57","modified_gmt":"2026-04-08T08:09:57","slug":"dysk-vetxpert-c5-profil-ogolny-10szt","status":"publish","type":"product","link":"https:\/\/stamar.pl\/en\/sklep\/weterynaria\/inne\/dysk-vetxpert-c5-profil-ogolny-10szt\/","title":{"rendered":"Dysk VetXpert C5 profil og\u00f3lny 19par\/10szt"},"content":{"rendered":"<p>Parametry: Bia\u0142ko ca\u0142kowite, Albumina, GLOB, A\/G \u2013 stosunek albumin do globulin, ALT, ALP, GGT, Bilirubina ca\u0142kowita, Mocznik, Kreatynina, BUN\/CREA, Amylaza, Cholesterol ca\u0142kowity, Glukoza, Fosfor, Ca, CaxP \u2013 iloczyn wapnia i fosforu, CK, Tr\u00f3jglicerydy<\/p>\n<p>W opakowaniu 10 dysk\u00f3w.<\/p>\n","protected":false},"excerpt":{"rendered":"<p>Parametry: Bia\u0142ko ca\u0142kowite, Albumina, GLOB, A\/G \u2013 stosunek albumin do globulin, ALT, ALP, GGT, Bilirubina ca\u0142kowita, Mocznik, Kreatynina, BUN\/CREA, Amylaza, Cholesterol ca\u0142kowity, Glukoza, Fosfor, Ca, CaxP \u2013 iloczyn wapnia i fosforu, CK, Tr\u00f3jglicerydy W opakowaniu 10 dysk\u00f3w. [&#8230;]<\/p>\n<p><a class=\"understrap-read-more-link\" href=\"https:\/\/stamar.pl\/en\/sklep\/weterynaria\/inne\/dysk-vetxpert-c5-profil-ogolny-10szt\/\">ZOBACZ<span class=\"screen-reader-text\"> from Dysk VetXpert C5 profil og\u00f3lny 19par\/10szt<\/span><img decoding=\"async\" src=\"\/wp-content\/themes\/stamar-2024\/src\/img\/arrow-right.svg\" alt=\"ikona strza\u0142ka\"><\/a><\/p>\n","protected":false},"featured_media":154396,"comment_status":"closed","ping_status":"closed","template":"","meta":{"_acf_changed":false},"product_brand":[],"product_cat":[5996,6003,6069,6002],"product_tag":[5923],"class_list":{"0":"post-85907","1":"product","2":"type-product","3":"status-publish","4":"has-post-thumbnail","6":"product_cat-biochemia-kliniczna","7":"product_cat-inne","8":"product_cat-vetxpert-c5","9":"product_cat-weterynaria","10":"product_tag-lodowkowe","11":"pa_jm-opk","12":"pa_producent-mindray-000006","13":"pa_stan-magazynowy-2-200","15":"first","16":"instock","17":"taxable","18":"shipping-taxable","19":"purchasable","20":"product-type-simple"},"acf":[],"yoast_head":"<!-- This site is optimized with the Yoast SEO plugin v27.5 - https:\/\/yoast.com\/product\/yoast-seo-wordpress\/ -->\n<title>Dysk VetXpert C5 profil og\u00f3lny 19par\/10szt | Stamar<\/title>\n<meta name=\"description\" content=\"Dysk VetXpert C5 profil og\u00f3lny 19 parametr\u00f3w 10szt umo\u017cliwia jednoczesne oznaczenie wielu parametr\u00f3w biochemicznych z jednej pr\u00f3bki.\" \/>\n<meta name=\"robots\" content=\"index, follow, max-snippet:-1, max-image-preview:large, max-video-preview:-1\" \/>\n<link rel=\"canonical\" href=\"https:\/\/stamar.pl\/en\/sklep\/weterynaria\/inne\/dysk-vetxpert-c5-profil-ogolny-10szt\/\" \/>\n<meta property=\"og:locale\" content=\"en_US\" \/>\n<meta property=\"og:type\" content=\"article\" \/>\n<meta property=\"og:title\" content=\"Dysk VetXpert C5 profil og\u00f3lny 19par\/10szt | Stamar\" \/>\n<meta property=\"og:description\" content=\"Dysk VetXpert C5 profil og\u00f3lny 19 parametr\u00f3w 10szt umo\u017cliwia jednoczesne oznaczenie wielu parametr\u00f3w biochemicznych z jednej pr\u00f3bki.\" \/>\n<meta property=\"og:url\" content=\"https:\/\/stamar.pl\/en\/sklep\/weterynaria\/inne\/dysk-vetxpert-c5-profil-ogolny-10szt\/\" \/>\n<meta property=\"og:site_name\" content=\"Stamar\" \/>\n<meta property=\"article:modified_time\" content=\"2026-04-08T08:09:57+00:00\" \/>\n<meta property=\"og:image\" content=\"https:\/\/stamar.pl\/wp-content\/uploads\/2025\/08\/ogolny-5434.png\" \/>\n\t<meta property=\"og:image:width\" content=\"1500\" \/>\n\t<meta property=\"og:image:height\" content=\"2000\" \/>\n\t<meta property=\"og:image:type\" content=\"image\/png\" \/>\n<meta name=\"twitter:card\" content=\"summary_large_image\" \/>\n<meta name=\"twitter:label1\" content=\"Est. reading time\" \/>\n\t<meta name=\"twitter:data1\" content=\"1 minute\" \/>\n<script type=\"application\/ld+json\" class=\"yoast-schema-graph\">{\"@context\":\"https:\\\/\\\/schema.org\",\"@graph\":[{\"@type\":\"WebPage\",\"@id\":\"https:\\\/\\\/stamar.pl\\\/en\\\/sklep\\\/weterynaria\\\/inne\\\/dysk-vetxpert-c5-profil-ogolny-10szt\\\/\",\"url\":\"https:\\\/\\\/stamar.pl\\\/en\\\/sklep\\\/weterynaria\\\/inne\\\/dysk-vetxpert-c5-profil-ogolny-10szt\\\/\",\"name\":\"Dysk VetXpert C5 profil og\u00f3lny 19par\\\/10szt | Stamar\",\"isPartOf\":{\"@id\":\"https:\\\/\\\/stamar.pl\\\/en\\\/#website\"},\"primaryImageOfPage\":{\"@id\":\"https:\\\/\\\/stamar.pl\\\/en\\\/sklep\\\/weterynaria\\\/inne\\\/dysk-vetxpert-c5-profil-ogolny-10szt\\\/#primaryimage\"},\"image\":{\"@id\":\"https:\\\/\\\/stamar.pl\\\/en\\\/sklep\\\/weterynaria\\\/inne\\\/dysk-vetxpert-c5-profil-ogolny-10szt\\\/#primaryimage\"},\"thumbnailUrl\":\"https:\\\/\\\/stamar.pl\\\/wp-content\\\/uploads\\\/2025\\\/08\\\/ogolny-5434.png\",\"datePublished\":\"2025-08-16T05:25:28+00:00\",\"dateModified\":\"2026-04-08T08:09:57+00:00\",\"description\":\"Dysk VetXpert C5 profil og\u00f3lny 19 parametr\u00f3w 10szt umo\u017cliwia jednoczesne oznaczenie wielu parametr\u00f3w biochemicznych z jednej pr\u00f3bki.\",\"breadcrumb\":{\"@id\":\"https:\\\/\\\/stamar.pl\\\/en\\\/sklep\\\/weterynaria\\\/inne\\\/dysk-vetxpert-c5-profil-ogolny-10szt\\\/#breadcrumb\"},\"inLanguage\":\"en-US\",\"potentialAction\":[{\"@type\":\"ReadAction\",\"target\":[\"https:\\\/\\\/stamar.pl\\\/en\\\/sklep\\\/weterynaria\\\/inne\\\/dysk-vetxpert-c5-profil-ogolny-10szt\\\/\"]}]},{\"@type\":\"ImageObject\",\"inLanguage\":\"en-US\",\"@id\":\"https:\\\/\\\/stamar.pl\\\/en\\\/sklep\\\/weterynaria\\\/inne\\\/dysk-vetxpert-c5-profil-ogolny-10szt\\\/#primaryimage\",\"url\":\"https:\\\/\\\/stamar.pl\\\/wp-content\\\/uploads\\\/2025\\\/08\\\/ogolny-5434.png\",\"contentUrl\":\"https:\\\/\\\/stamar.pl\\\/wp-content\\\/uploads\\\/2025\\\/08\\\/ogolny-5434.png\",\"width\":1500,\"height\":2000,\"caption\":\"Dysk Mindray VetXpert C5 profil og\u00f3lny\"},{\"@type\":\"BreadcrumbList\",\"@id\":\"https:\\\/\\\/stamar.pl\\\/en\\\/sklep\\\/weterynaria\\\/inne\\\/dysk-vetxpert-c5-profil-ogolny-10szt\\\/#breadcrumb\",\"itemListElement\":[{\"@type\":\"ListItem\",\"position\":1,\"name\":\"Home\",\"item\":\"https:\\\/\\\/stamar.pl\\\/en\\\/about-us\\\/\"},{\"@type\":\"ListItem\",\"position\":2,\"name\":\"Sklep\",\"item\":\"https:\\\/\\\/stamar.pl\\\/sklep\\\/\"},{\"@type\":\"ListItem\",\"position\":3,\"name\":\"Dysk VetXpert C5 profil og\u00f3lny 19par\\\/10szt\"}]},{\"@type\":\"WebSite\",\"@id\":\"https:\\\/\\\/stamar.pl\\\/en\\\/#website\",\"url\":\"https:\\\/\\\/stamar.pl\\\/en\\\/\",\"name\":\"Stamar\",\"description\":\"Odczynniki i analizatory do diagnostyki laboratoryjnej\",\"publisher\":{\"@id\":\"https:\\\/\\\/stamar.pl\\\/en\\\/#organization\"},\"potentialAction\":[{\"@type\":\"SearchAction\",\"target\":{\"@type\":\"EntryPoint\",\"urlTemplate\":\"https:\\\/\\\/stamar.pl\\\/en\\\/?s={search_term_string}\"},\"query-input\":{\"@type\":\"PropertyValueSpecification\",\"valueRequired\":true,\"valueName\":\"search_term_string\"}}],\"inLanguage\":\"en-US\"},{\"@type\":\"Organization\",\"@id\":\"https:\\\/\\\/stamar.pl\\\/en\\\/#organization\",\"name\":\"STAMAR\",\"url\":\"https:\\\/\\\/stamar.pl\\\/en\\\/\",\"logo\":{\"@type\":\"ImageObject\",\"inLanguage\":\"en-US\",\"@id\":\"https:\\\/\\\/stamar.pl\\\/en\\\/#\\\/schema\\\/logo\\\/image\\\/\",\"url\":\"https:\\\/\\\/stamar.pl\\\/wp-content\\\/uploads\\\/2017\\\/05\\\/favicon.png\",\"contentUrl\":\"https:\\\/\\\/stamar.pl\\\/wp-content\\\/uploads\\\/2017\\\/05\\\/favicon.png\",\"width\":156,\"height\":156,\"caption\":\"STAMAR\"},\"image\":{\"@id\":\"https:\\\/\\\/stamar.pl\\\/en\\\/#\\\/schema\\\/logo\\\/image\\\/\"}}]}<\/script>\n<!-- \/ Yoast SEO plugin. -->","yoast_head_json":{"title":"Dysk VetXpert C5 profil og\u00f3lny 19par\/10szt | Stamar","description":"Dysk VetXpert C5 profil og\u00f3lny 19 parametr\u00f3w 10szt umo\u017cliwia jednoczesne oznaczenie wielu parametr\u00f3w biochemicznych z jednej pr\u00f3bki.","robots":{"index":"index","follow":"follow","max-snippet":"max-snippet:-1","max-image-preview":"max-image-preview:large","max-video-preview":"max-video-preview:-1"},"canonical":"https:\/\/stamar.pl\/en\/sklep\/weterynaria\/inne\/dysk-vetxpert-c5-profil-ogolny-10szt\/","og_locale":"en_US","og_type":"article","og_title":"Dysk VetXpert C5 profil og\u00f3lny 19par\/10szt | Stamar","og_description":"Dysk VetXpert C5 profil og\u00f3lny 19 parametr\u00f3w 10szt umo\u017cliwia jednoczesne oznaczenie wielu parametr\u00f3w biochemicznych z jednej pr\u00f3bki.","og_url":"https:\/\/stamar.pl\/en\/sklep\/weterynaria\/inne\/dysk-vetxpert-c5-profil-ogolny-10szt\/","og_site_name":"Stamar","article_modified_time":"2026-04-08T08:09:57+00:00","og_image":[{"width":1500,"height":2000,"url":"https:\/\/stamar.pl\/wp-content\/uploads\/2025\/08\/ogolny-5434.png","type":"image\/png"}],"twitter_card":"summary_large_image","twitter_misc":{"Est. reading time":"1 minute"},"schema":{"@context":"https:\/\/schema.org","@graph":[{"@type":"WebPage","@id":"https:\/\/stamar.pl\/en\/sklep\/weterynaria\/inne\/dysk-vetxpert-c5-profil-ogolny-10szt\/","url":"https:\/\/stamar.pl\/en\/sklep\/weterynaria\/inne\/dysk-vetxpert-c5-profil-ogolny-10szt\/","name":"Dysk VetXpert C5 profil og\u00f3lny 19par\/10szt | Stamar","isPartOf":{"@id":"https:\/\/stamar.pl\/en\/#website"},"primaryImageOfPage":{"@id":"https:\/\/stamar.pl\/en\/sklep\/weterynaria\/inne\/dysk-vetxpert-c5-profil-ogolny-10szt\/#primaryimage"},"image":{"@id":"https:\/\/stamar.pl\/en\/sklep\/weterynaria\/inne\/dysk-vetxpert-c5-profil-ogolny-10szt\/#primaryimage"},"thumbnailUrl":"https:\/\/stamar.pl\/wp-content\/uploads\/2025\/08\/ogolny-5434.png","datePublished":"2025-08-16T05:25:28+00:00","dateModified":"2026-04-08T08:09:57+00:00","description":"Dysk VetXpert C5 profil og\u00f3lny 19 parametr\u00f3w 10szt umo\u017cliwia jednoczesne oznaczenie wielu parametr\u00f3w biochemicznych z jednej pr\u00f3bki.","breadcrumb":{"@id":"https:\/\/stamar.pl\/en\/sklep\/weterynaria\/inne\/dysk-vetxpert-c5-profil-ogolny-10szt\/#breadcrumb"},"inLanguage":"en-US","potentialAction":[{"@type":"ReadAction","target":["https:\/\/stamar.pl\/en\/sklep\/weterynaria\/inne\/dysk-vetxpert-c5-profil-ogolny-10szt\/"]}]},{"@type":"ImageObject","inLanguage":"en-US","@id":"https:\/\/stamar.pl\/en\/sklep\/weterynaria\/inne\/dysk-vetxpert-c5-profil-ogolny-10szt\/#primaryimage","url":"https:\/\/stamar.pl\/wp-content\/uploads\/2025\/08\/ogolny-5434.png","contentUrl":"https:\/\/stamar.pl\/wp-content\/uploads\/2025\/08\/ogolny-5434.png","width":1500,"height":2000,"caption":"Dysk Mindray VetXpert C5 profil og\u00f3lny"},{"@type":"BreadcrumbList","@id":"https:\/\/stamar.pl\/en\/sklep\/weterynaria\/inne\/dysk-vetxpert-c5-profil-ogolny-10szt\/#breadcrumb","itemListElement":[{"@type":"ListItem","position":1,"name":"Home","item":"https:\/\/stamar.pl\/en\/about-us\/"},{"@type":"ListItem","position":2,"name":"Sklep","item":"https:\/\/stamar.pl\/sklep\/"},{"@type":"ListItem","position":3,"name":"Dysk VetXpert C5 profil og\u00f3lny 19par\/10szt"}]},{"@type":"WebSite","@id":"https:\/\/stamar.pl\/en\/#website","url":"https:\/\/stamar.pl\/en\/","name":"Stamar","description":"Odczynniki i analizatory do diagnostyki laboratoryjnej","publisher":{"@id":"https:\/\/stamar.pl\/en\/#organization"},"potentialAction":[{"@type":"SearchAction","target":{"@type":"EntryPoint","urlTemplate":"https:\/\/stamar.pl\/en\/?s={search_term_string}"},"query-input":{"@type":"PropertyValueSpecification","valueRequired":true,"valueName":"search_term_string"}}],"inLanguage":"en-US"},{"@type":"Organization","@id":"https:\/\/stamar.pl\/en\/#organization","name":"STAMAR","url":"https:\/\/stamar.pl\/en\/","logo":{"@type":"ImageObject","inLanguage":"en-US","@id":"https:\/\/stamar.pl\/en\/#\/schema\/logo\/image\/","url":"https:\/\/stamar.pl\/wp-content\/uploads\/2017\/05\/favicon.png","contentUrl":"https:\/\/stamar.pl\/wp-content\/uploads\/2017\/05\/favicon.png","width":156,"height":156,"caption":"STAMAR"},"image":{"@id":"https:\/\/stamar.pl\/en\/#\/schema\/logo\/image\/"}}]}},"_links":{"self":[{"href":"https:\/\/stamar.pl\/en\/wp-json\/wp\/v2\/product\/85907","targetHints":{"allow":["GET"]}}],"collection":[{"href":"https:\/\/stamar.pl\/en\/wp-json\/wp\/v2\/product"}],"about":[{"href":"https:\/\/stamar.pl\/en\/wp-json\/wp\/v2\/types\/product"}],"replies":[{"embeddable":true,"href":"https:\/\/stamar.pl\/en\/wp-json\/wp\/v2\/comments?post=85907"}],"wp:featuredmedia":[{"embeddable":true,"href":"https:\/\/stamar.pl\/en\/wp-json\/wp\/v2\/media\/154396"}],"wp:attachment":[{"href":"https:\/\/stamar.pl\/en\/wp-json\/wp\/v2\/media?parent=85907"}],"wp:term":[{"taxonomy":"product_brand","embeddable":true,"href":"https:\/\/stamar.pl\/en\/wp-json\/wp\/v2\/product_brand?post=85907"},{"taxonomy":"product_cat","embeddable":true,"href":"https:\/\/stamar.pl\/en\/wp-json\/wp\/v2\/product_cat?post=85907"},{"taxonomy":"product_tag","embeddable":true,"href":"https:\/\/stamar.pl\/en\/wp-json\/wp\/v2\/product_tag?post=85907"}],"curies":[{"name":"wp","href":"https:\/\/api.w.org\/{rel}","templated":true}]}}