{"id":4547,"date":"2025-08-16T07:19:06","date_gmt":"2025-08-16T05:19:06","guid":{"rendered":"https:\/\/stamar.pl\/sklep\/bez-kategorii\/barwnik-do-retikulocytow-op-100-ml\/"},"modified":"2026-01-27T11:02:55","modified_gmt":"2026-01-27T10:02:55","slug":"barwnik-do-retikulocytow-100ml","status":"publish","type":"product","link":"https:\/\/stamar.pl\/en\/sklep\/odczynniki-chemiczne\/barwniki\/hematologiczne\/barwnik-do-retikulocytow-100ml\/","title":{"rendered":"Barwnik do retikulocyt\u00f3w 100ml"},"content":{"rendered":"<p>Zawiera specjalnie dobrane izomery barwnika o najwy\u017cszym powinowactwie do m\u0142odych form krwinek czerwonych. Opakowanie 100ml.        <\/p>\n","protected":false},"excerpt":{"rendered":"<p>Zawiera specjalnie dobrane izomery barwnika o najwy\u017cszym powinowactwie do [&#8230;]<\/p>\n<p><a class=\"understrap-read-more-link\" href=\"https:\/\/stamar.pl\/en\/sklep\/odczynniki-chemiczne\/barwniki\/hematologiczne\/barwnik-do-retikulocytow-100ml\/\">ZOBACZ<span class=\"screen-reader-text\"> from Barwnik do retikulocyt\u00f3w 100ml<\/span><img decoding=\"async\" src=\"\/wp-content\/themes\/stamar-2024\/src\/img\/arrow-right.svg\" alt=\"ikona strza\u0142ka\"><\/a><\/p>\n","protected":false},"featured_media":153565,"comment_status":"closed","ping_status":"closed","template":"","meta":{"_acf_changed":false},"product_brand":[],"product_cat":[6008,6010,6009,6007,6002],"product_tag":[],"class_list":{"0":"post-4547","1":"product","2":"type-product","3":"status-publish","4":"has-post-thumbnail","6":"product_cat-barwniki","7":"product_cat-barwniki-i-akcesoria","8":"product_cat-hematologiczne","9":"product_cat-odczynniki-chemiczne","10":"product_cat-weterynaria","11":"pa_jm-szt","12":"pa_producent-stamar-wytwornia-000005","13":"pa_stan-magazynowy-2-000","14":"pa_zawsze-dostepny-p","16":"first","17":"instock","18":"taxable","19":"shipping-taxable","20":"purchasable","21":"product-type-simple"},"acf":[],"yoast_head":"<!-- This site is optimized with the Yoast SEO plugin v27.4 - https:\/\/yoast.com\/product\/yoast-seo-wordpress\/ -->\n<title>Sklep Stamar Barwnik do retikulocyt\u00f3w 100ml - Stamar<\/title>\n<meta name=\"robots\" content=\"index, follow, max-snippet:-1, max-image-preview:large, max-video-preview:-1\" \/>\n<link rel=\"canonical\" href=\"https:\/\/stamar.pl\/en\/sklep\/odczynniki-chemiczne\/barwniki\/hematologiczne\/barwnik-do-retikulocytow-100ml\/\" \/>\n<meta property=\"og:locale\" content=\"en_US\" \/>\n<meta property=\"og:type\" content=\"article\" \/>\n<meta property=\"og:title\" content=\"Sklep Stamar Barwnik do retikulocyt\u00f3w 100ml - Stamar\" \/>\n<meta property=\"og:description\" content=\"Zawiera specjalnie dobrane izomery barwnika o najwy\u017cszym powinowactwie do [...]ZOBACZ from Barwnik do retikulocyt\u00f3w 100ml\" \/>\n<meta property=\"og:url\" content=\"https:\/\/stamar.pl\/en\/sklep\/odczynniki-chemiczne\/barwniki\/hematologiczne\/barwnik-do-retikulocytow-100ml\/\" \/>\n<meta property=\"og:site_name\" content=\"Stamar\" \/>\n<meta property=\"article:modified_time\" content=\"2026-01-27T10:02:55+00:00\" \/>\n<meta property=\"og:image\" content=\"https:\/\/stamar.pl\/wp-content\/uploads\/2025\/08\/2068-1.jpg\" \/>\n\t<meta property=\"og:image:width\" content=\"768\" \/>\n\t<meta property=\"og:image:height\" content=\"1024\" \/>\n\t<meta property=\"og:image:type\" content=\"image\/jpeg\" \/>\n<meta name=\"twitter:card\" content=\"summary_large_image\" \/>\n<script type=\"application\/ld+json\" class=\"yoast-schema-graph\">{\"@context\":\"https:\\\/\\\/schema.org\",\"@graph\":[{\"@type\":\"WebPage\",\"@id\":\"https:\\\/\\\/stamar.pl\\\/en\\\/sklep\\\/odczynniki-chemiczne\\\/barwniki\\\/hematologiczne\\\/barwnik-do-retikulocytow-100ml\\\/\",\"url\":\"https:\\\/\\\/stamar.pl\\\/en\\\/sklep\\\/odczynniki-chemiczne\\\/barwniki\\\/hematologiczne\\\/barwnik-do-retikulocytow-100ml\\\/\",\"name\":\"Sklep Stamar Barwnik do retikulocyt\u00f3w 100ml - Stamar\",\"isPartOf\":{\"@id\":\"https:\\\/\\\/stamar.pl\\\/en\\\/#website\"},\"primaryImageOfPage\":{\"@id\":\"https:\\\/\\\/stamar.pl\\\/en\\\/sklep\\\/odczynniki-chemiczne\\\/barwniki\\\/hematologiczne\\\/barwnik-do-retikulocytow-100ml\\\/#primaryimage\"},\"image\":{\"@id\":\"https:\\\/\\\/stamar.pl\\\/en\\\/sklep\\\/odczynniki-chemiczne\\\/barwniki\\\/hematologiczne\\\/barwnik-do-retikulocytow-100ml\\\/#primaryimage\"},\"thumbnailUrl\":\"https:\\\/\\\/stamar.pl\\\/wp-content\\\/uploads\\\/2025\\\/08\\\/2068-1.jpg\",\"datePublished\":\"2025-08-16T05:19:06+00:00\",\"dateModified\":\"2026-01-27T10:02:55+00:00\",\"breadcrumb\":{\"@id\":\"https:\\\/\\\/stamar.pl\\\/en\\\/sklep\\\/odczynniki-chemiczne\\\/barwniki\\\/hematologiczne\\\/barwnik-do-retikulocytow-100ml\\\/#breadcrumb\"},\"inLanguage\":\"en-US\",\"potentialAction\":[{\"@type\":\"ReadAction\",\"target\":[\"https:\\\/\\\/stamar.pl\\\/en\\\/sklep\\\/odczynniki-chemiczne\\\/barwniki\\\/hematologiczne\\\/barwnik-do-retikulocytow-100ml\\\/\"]}]},{\"@type\":\"ImageObject\",\"inLanguage\":\"en-US\",\"@id\":\"https:\\\/\\\/stamar.pl\\\/en\\\/sklep\\\/odczynniki-chemiczne\\\/barwniki\\\/hematologiczne\\\/barwnik-do-retikulocytow-100ml\\\/#primaryimage\",\"url\":\"https:\\\/\\\/stamar.pl\\\/wp-content\\\/uploads\\\/2025\\\/08\\\/2068-1.jpg\",\"contentUrl\":\"https:\\\/\\\/stamar.pl\\\/wp-content\\\/uploads\\\/2025\\\/08\\\/2068-1.jpg\",\"width\":768,\"height\":1024},{\"@type\":\"BreadcrumbList\",\"@id\":\"https:\\\/\\\/stamar.pl\\\/en\\\/sklep\\\/odczynniki-chemiczne\\\/barwniki\\\/hematologiczne\\\/barwnik-do-retikulocytow-100ml\\\/#breadcrumb\",\"itemListElement\":[{\"@type\":\"ListItem\",\"position\":1,\"name\":\"Home\",\"item\":\"https:\\\/\\\/stamar.pl\\\/en\\\/about-us\\\/\"},{\"@type\":\"ListItem\",\"position\":2,\"name\":\"Sklep\",\"item\":\"https:\\\/\\\/stamar.pl\\\/sklep\\\/\"},{\"@type\":\"ListItem\",\"position\":3,\"name\":\"Barwnik do retikulocyt\u00f3w 100ml\"}]},{\"@type\":\"WebSite\",\"@id\":\"https:\\\/\\\/stamar.pl\\\/en\\\/#website\",\"url\":\"https:\\\/\\\/stamar.pl\\\/en\\\/\",\"name\":\"Stamar\",\"description\":\"Odczynniki i analizatory do diagnostyki laboratoryjnej\",\"publisher\":{\"@id\":\"https:\\\/\\\/stamar.pl\\\/en\\\/#organization\"},\"potentialAction\":[{\"@type\":\"SearchAction\",\"target\":{\"@type\":\"EntryPoint\",\"urlTemplate\":\"https:\\\/\\\/stamar.pl\\\/en\\\/?s={search_term_string}\"},\"query-input\":{\"@type\":\"PropertyValueSpecification\",\"valueRequired\":true,\"valueName\":\"search_term_string\"}}],\"inLanguage\":\"en-US\"},{\"@type\":\"Organization\",\"@id\":\"https:\\\/\\\/stamar.pl\\\/en\\\/#organization\",\"name\":\"STAMAR\",\"url\":\"https:\\\/\\\/stamar.pl\\\/en\\\/\",\"logo\":{\"@type\":\"ImageObject\",\"inLanguage\":\"en-US\",\"@id\":\"https:\\\/\\\/stamar.pl\\\/en\\\/#\\\/schema\\\/logo\\\/image\\\/\",\"url\":\"https:\\\/\\\/stamar.pl\\\/wp-content\\\/uploads\\\/2017\\\/05\\\/favicon.png\",\"contentUrl\":\"https:\\\/\\\/stamar.pl\\\/wp-content\\\/uploads\\\/2017\\\/05\\\/favicon.png\",\"width\":156,\"height\":156,\"caption\":\"STAMAR\"},\"image\":{\"@id\":\"https:\\\/\\\/stamar.pl\\\/en\\\/#\\\/schema\\\/logo\\\/image\\\/\"}}]}<\/script>\n<!-- \/ Yoast SEO plugin. -->","yoast_head_json":{"title":"Sklep Stamar Barwnik do retikulocyt\u00f3w 100ml - Stamar","robots":{"index":"index","follow":"follow","max-snippet":"max-snippet:-1","max-image-preview":"max-image-preview:large","max-video-preview":"max-video-preview:-1"},"canonical":"https:\/\/stamar.pl\/en\/sklep\/odczynniki-chemiczne\/barwniki\/hematologiczne\/barwnik-do-retikulocytow-100ml\/","og_locale":"en_US","og_type":"article","og_title":"Sklep Stamar Barwnik do retikulocyt\u00f3w 100ml - Stamar","og_description":"Zawiera specjalnie dobrane izomery barwnika o najwy\u017cszym powinowactwie do [...]ZOBACZ from Barwnik do retikulocyt\u00f3w 100ml","og_url":"https:\/\/stamar.pl\/en\/sklep\/odczynniki-chemiczne\/barwniki\/hematologiczne\/barwnik-do-retikulocytow-100ml\/","og_site_name":"Stamar","article_modified_time":"2026-01-27T10:02:55+00:00","og_image":[{"width":768,"height":1024,"url":"https:\/\/stamar.pl\/wp-content\/uploads\/2025\/08\/2068-1.jpg","type":"image\/jpeg"}],"twitter_card":"summary_large_image","schema":{"@context":"https:\/\/schema.org","@graph":[{"@type":"WebPage","@id":"https:\/\/stamar.pl\/en\/sklep\/odczynniki-chemiczne\/barwniki\/hematologiczne\/barwnik-do-retikulocytow-100ml\/","url":"https:\/\/stamar.pl\/en\/sklep\/odczynniki-chemiczne\/barwniki\/hematologiczne\/barwnik-do-retikulocytow-100ml\/","name":"Sklep Stamar Barwnik do retikulocyt\u00f3w 100ml - Stamar","isPartOf":{"@id":"https:\/\/stamar.pl\/en\/#website"},"primaryImageOfPage":{"@id":"https:\/\/stamar.pl\/en\/sklep\/odczynniki-chemiczne\/barwniki\/hematologiczne\/barwnik-do-retikulocytow-100ml\/#primaryimage"},"image":{"@id":"https:\/\/stamar.pl\/en\/sklep\/odczynniki-chemiczne\/barwniki\/hematologiczne\/barwnik-do-retikulocytow-100ml\/#primaryimage"},"thumbnailUrl":"https:\/\/stamar.pl\/wp-content\/uploads\/2025\/08\/2068-1.jpg","datePublished":"2025-08-16T05:19:06+00:00","dateModified":"2026-01-27T10:02:55+00:00","breadcrumb":{"@id":"https:\/\/stamar.pl\/en\/sklep\/odczynniki-chemiczne\/barwniki\/hematologiczne\/barwnik-do-retikulocytow-100ml\/#breadcrumb"},"inLanguage":"en-US","potentialAction":[{"@type":"ReadAction","target":["https:\/\/stamar.pl\/en\/sklep\/odczynniki-chemiczne\/barwniki\/hematologiczne\/barwnik-do-retikulocytow-100ml\/"]}]},{"@type":"ImageObject","inLanguage":"en-US","@id":"https:\/\/stamar.pl\/en\/sklep\/odczynniki-chemiczne\/barwniki\/hematologiczne\/barwnik-do-retikulocytow-100ml\/#primaryimage","url":"https:\/\/stamar.pl\/wp-content\/uploads\/2025\/08\/2068-1.jpg","contentUrl":"https:\/\/stamar.pl\/wp-content\/uploads\/2025\/08\/2068-1.jpg","width":768,"height":1024},{"@type":"BreadcrumbList","@id":"https:\/\/stamar.pl\/en\/sklep\/odczynniki-chemiczne\/barwniki\/hematologiczne\/barwnik-do-retikulocytow-100ml\/#breadcrumb","itemListElement":[{"@type":"ListItem","position":1,"name":"Home","item":"https:\/\/stamar.pl\/en\/about-us\/"},{"@type":"ListItem","position":2,"name":"Sklep","item":"https:\/\/stamar.pl\/sklep\/"},{"@type":"ListItem","position":3,"name":"Barwnik do retikulocyt\u00f3w 100ml"}]},{"@type":"WebSite","@id":"https:\/\/stamar.pl\/en\/#website","url":"https:\/\/stamar.pl\/en\/","name":"Stamar","description":"Odczynniki i analizatory do diagnostyki laboratoryjnej","publisher":{"@id":"https:\/\/stamar.pl\/en\/#organization"},"potentialAction":[{"@type":"SearchAction","target":{"@type":"EntryPoint","urlTemplate":"https:\/\/stamar.pl\/en\/?s={search_term_string}"},"query-input":{"@type":"PropertyValueSpecification","valueRequired":true,"valueName":"search_term_string"}}],"inLanguage":"en-US"},{"@type":"Organization","@id":"https:\/\/stamar.pl\/en\/#organization","name":"STAMAR","url":"https:\/\/stamar.pl\/en\/","logo":{"@type":"ImageObject","inLanguage":"en-US","@id":"https:\/\/stamar.pl\/en\/#\/schema\/logo\/image\/","url":"https:\/\/stamar.pl\/wp-content\/uploads\/2017\/05\/favicon.png","contentUrl":"https:\/\/stamar.pl\/wp-content\/uploads\/2017\/05\/favicon.png","width":156,"height":156,"caption":"STAMAR"},"image":{"@id":"https:\/\/stamar.pl\/en\/#\/schema\/logo\/image\/"}}]}},"_links":{"self":[{"href":"https:\/\/stamar.pl\/en\/wp-json\/wp\/v2\/product\/4547","targetHints":{"allow":["GET"]}}],"collection":[{"href":"https:\/\/stamar.pl\/en\/wp-json\/wp\/v2\/product"}],"about":[{"href":"https:\/\/stamar.pl\/en\/wp-json\/wp\/v2\/types\/product"}],"replies":[{"embeddable":true,"href":"https:\/\/stamar.pl\/en\/wp-json\/wp\/v2\/comments?post=4547"}],"wp:featuredmedia":[{"embeddable":true,"href":"https:\/\/stamar.pl\/en\/wp-json\/wp\/v2\/media\/153565"}],"wp:attachment":[{"href":"https:\/\/stamar.pl\/en\/wp-json\/wp\/v2\/media?parent=4547"}],"wp:term":[{"taxonomy":"product_brand","embeddable":true,"href":"https:\/\/stamar.pl\/en\/wp-json\/wp\/v2\/product_brand?post=4547"},{"taxonomy":"product_cat","embeddable":true,"href":"https:\/\/stamar.pl\/en\/wp-json\/wp\/v2\/product_cat?post=4547"},{"taxonomy":"product_tag","embeddable":true,"href":"https:\/\/stamar.pl\/en\/wp-json\/wp\/v2\/product_tag?post=4547"}],"curies":[{"name":"wp","href":"https:\/\/api.w.org\/{rel}","templated":true}]}}