{"id":153312,"date":"2025-08-16T07:48:44","date_gmt":"2025-08-16T05:48:44","guid":{"rendered":"https:\/\/stamar.pl\/sklep\/bez-kategorii\/sinopanel-przewlekleglu-hcy-ua-ldl-2\/"},"modified":"2025-08-19T13:47:28","modified_gmt":"2025-08-19T11:47:28","slug":"sinopanel-przewlekleglu-hcy-ua-ldl","status":"publish","type":"product","link":"https:\/\/stamar.pl\/en\/sklep\/weterynaria\/koagulologia-weterynaria\/sinopanel-przewlekleglu-hcy-ua-ldl\/","title":{"rendered":"SINOPanel &#8211; Choroby przewlek\u0142e (GLY\/HCY\/UA\/LDL-C)"},"content":{"rendered":"<p>Choroby przewlek\u0142e Glukoza \/ Homocysteina \/ Kwas moczowy \/ Cholesterol LDL<\/p>\n<p>Dost\u0119pne na zam\u00f3wienie &#8211; dostawa 4-8 tygodni lub wg harmonogramu rocznego<\/p>\n<p>Do analizatora Sinocare R-tec<\/p>\n<p>30 test\u00f3w w opakowaniu.<\/p>\n","protected":false},"excerpt":{"rendered":"<p>Choroby przewlek\u0142e Glukoza \/ Homocysteina \/ Kwas moczowy \/ Cholesterol LDL Dost\u0119pne na zam\u00f3wienie &#8211; dostawa 4-8 tygodni lub wg harmonogramu rocznego Do analizatora Sinocare R-tec 30 test\u00f3w w opakowaniu. [&#8230;]<\/p>\n<p><a class=\"understrap-read-more-link\" href=\"https:\/\/stamar.pl\/en\/sklep\/weterynaria\/koagulologia-weterynaria\/sinopanel-przewlekleglu-hcy-ua-ldl\/\">ZOBACZ<span class=\"screen-reader-text\"> from SINOPanel &#8211; Choroby przewlek\u0142e (GLY\/HCY\/UA\/LDL-C)<\/span><img decoding=\"async\" src=\"\/wp-content\/themes\/stamar-2024\/src\/img\/arrow-right.svg\" alt=\"ikona strza\u0142ka\"><\/a><\/p>\n","protected":false},"featured_media":154514,"comment_status":"closed","ping_status":"closed","template":"","meta":{"_acf_changed":false},"product_brand":[],"product_cat":[5996,6044,6045,6002],"product_tag":[5923],"class_list":{"0":"post-153312","1":"product","2":"type-product","3":"status-publish","4":"has-post-thumbnail","6":"product_cat-biochemia-kliniczna","7":"product_cat-koagulologia","8":"product_cat-koagulologia-weterynaria","9":"product_cat-weterynaria","10":"product_tag-lodowkowe","11":"pa_jm-opk","12":"pa_producent-5089","13":"pa_stan-magazynowy-0-000","15":"first","16":"onbackorder","17":"taxable","18":"shipping-taxable","19":"purchasable","20":"product-type-simple"},"acf":[],"yoast_head":"<!-- This site is optimized with the Yoast SEO plugin v27.5 - https:\/\/yoast.com\/product\/yoast-seo-wordpress\/ -->\n<title>Sklep Stamar SINOPanel - Choroby przewlek\u0142e (GLY\/HCY\/UA\/LDL-C) - Stamar<\/title>\n<meta name=\"robots\" content=\"index, follow, max-snippet:-1, max-image-preview:large, max-video-preview:-1\" \/>\n<link rel=\"canonical\" href=\"https:\/\/stamar.pl\/en\/sklep\/weterynaria\/koagulologia-weterynaria\/sinopanel-przewlekleglu-hcy-ua-ldl\/\" \/>\n<meta property=\"og:locale\" content=\"en_US\" \/>\n<meta property=\"og:type\" content=\"article\" \/>\n<meta property=\"og:title\" content=\"Sklep Stamar SINOPanel - Choroby przewlek\u0142e (GLY\/HCY\/UA\/LDL-C) - Stamar\" \/>\n<meta property=\"og:description\" content=\"Choroby przewlek\u0142e Glukoza \/ Homocysteina \/ Kwas moczowy \/ Cholesterol LDL Dost\u0119pne na zam\u00f3wienie &#8211; dostawa 4-8 tygodni lub wg harmonogramu rocznego Do analizatora Sinocare R-tec 30 test\u00f3w w opakowaniu. [...]ZOBACZ from SINOPanel &#8211; Choroby przewlek\u0142e (GLY\/HCY\/UA\/LDL-C)\" \/>\n<meta property=\"og:url\" content=\"https:\/\/stamar.pl\/en\/sklep\/weterynaria\/koagulologia-weterynaria\/sinopanel-przewlekleglu-hcy-ua-ldl\/\" \/>\n<meta property=\"og:site_name\" content=\"Stamar\" \/>\n<meta property=\"article:modified_time\" content=\"2025-08-19T11:47:28+00:00\" \/>\n<meta property=\"og:image\" content=\"https:\/\/stamar.pl\/wp-content\/uploads\/2025\/08\/Sinocare-Photoroom.png\" \/>\n\t<meta property=\"og:image:width\" content=\"1200\" \/>\n\t<meta property=\"og:image:height\" content=\"1600\" \/>\n\t<meta property=\"og:image:type\" content=\"image\/png\" \/>\n<meta name=\"twitter:card\" content=\"summary_large_image\" \/>\n<script type=\"application\/ld+json\" class=\"yoast-schema-graph\">{\"@context\":\"https:\\\/\\\/schema.org\",\"@graph\":[{\"@type\":\"WebPage\",\"@id\":\"https:\\\/\\\/stamar.pl\\\/en\\\/sklep\\\/weterynaria\\\/koagulologia-weterynaria\\\/sinopanel-przewlekleglu-hcy-ua-ldl\\\/\",\"url\":\"https:\\\/\\\/stamar.pl\\\/en\\\/sklep\\\/weterynaria\\\/koagulologia-weterynaria\\\/sinopanel-przewlekleglu-hcy-ua-ldl\\\/\",\"name\":\"Sklep Stamar SINOPanel - Choroby przewlek\u0142e (GLY\\\/HCY\\\/UA\\\/LDL-C) - Stamar\",\"isPartOf\":{\"@id\":\"https:\\\/\\\/stamar.pl\\\/en\\\/#website\"},\"primaryImageOfPage\":{\"@id\":\"https:\\\/\\\/stamar.pl\\\/en\\\/sklep\\\/weterynaria\\\/koagulologia-weterynaria\\\/sinopanel-przewlekleglu-hcy-ua-ldl\\\/#primaryimage\"},\"image\":{\"@id\":\"https:\\\/\\\/stamar.pl\\\/en\\\/sklep\\\/weterynaria\\\/koagulologia-weterynaria\\\/sinopanel-przewlekleglu-hcy-ua-ldl\\\/#primaryimage\"},\"thumbnailUrl\":\"https:\\\/\\\/stamar.pl\\\/wp-content\\\/uploads\\\/2025\\\/08\\\/Sinocare-Photoroom.png\",\"datePublished\":\"2025-08-16T05:48:44+00:00\",\"dateModified\":\"2025-08-19T11:47:28+00:00\",\"breadcrumb\":{\"@id\":\"https:\\\/\\\/stamar.pl\\\/en\\\/sklep\\\/weterynaria\\\/koagulologia-weterynaria\\\/sinopanel-przewlekleglu-hcy-ua-ldl\\\/#breadcrumb\"},\"inLanguage\":\"en-US\",\"potentialAction\":[{\"@type\":\"ReadAction\",\"target\":[\"https:\\\/\\\/stamar.pl\\\/en\\\/sklep\\\/weterynaria\\\/koagulologia-weterynaria\\\/sinopanel-przewlekleglu-hcy-ua-ldl\\\/\"]}]},{\"@type\":\"ImageObject\",\"inLanguage\":\"en-US\",\"@id\":\"https:\\\/\\\/stamar.pl\\\/en\\\/sklep\\\/weterynaria\\\/koagulologia-weterynaria\\\/sinopanel-przewlekleglu-hcy-ua-ldl\\\/#primaryimage\",\"url\":\"https:\\\/\\\/stamar.pl\\\/wp-content\\\/uploads\\\/2025\\\/08\\\/Sinocare-Photoroom.png\",\"contentUrl\":\"https:\\\/\\\/stamar.pl\\\/wp-content\\\/uploads\\\/2025\\\/08\\\/Sinocare-Photoroom.png\",\"width\":1200,\"height\":1600},{\"@type\":\"BreadcrumbList\",\"@id\":\"https:\\\/\\\/stamar.pl\\\/en\\\/sklep\\\/weterynaria\\\/koagulologia-weterynaria\\\/sinopanel-przewlekleglu-hcy-ua-ldl\\\/#breadcrumb\",\"itemListElement\":[{\"@type\":\"ListItem\",\"position\":1,\"name\":\"Home\",\"item\":\"https:\\\/\\\/stamar.pl\\\/en\\\/about-us\\\/\"},{\"@type\":\"ListItem\",\"position\":2,\"name\":\"Sklep\",\"item\":\"https:\\\/\\\/stamar.pl\\\/sklep\\\/\"},{\"@type\":\"ListItem\",\"position\":3,\"name\":\"SINOPanel &#8211; Choroby przewlek\u0142e (GLY\\\/HCY\\\/UA\\\/LDL-C)\"}]},{\"@type\":\"WebSite\",\"@id\":\"https:\\\/\\\/stamar.pl\\\/en\\\/#website\",\"url\":\"https:\\\/\\\/stamar.pl\\\/en\\\/\",\"name\":\"Stamar\",\"description\":\"Odczynniki i analizatory do diagnostyki laboratoryjnej\",\"publisher\":{\"@id\":\"https:\\\/\\\/stamar.pl\\\/en\\\/#organization\"},\"potentialAction\":[{\"@type\":\"SearchAction\",\"target\":{\"@type\":\"EntryPoint\",\"urlTemplate\":\"https:\\\/\\\/stamar.pl\\\/en\\\/?s={search_term_string}\"},\"query-input\":{\"@type\":\"PropertyValueSpecification\",\"valueRequired\":true,\"valueName\":\"search_term_string\"}}],\"inLanguage\":\"en-US\"},{\"@type\":\"Organization\",\"@id\":\"https:\\\/\\\/stamar.pl\\\/en\\\/#organization\",\"name\":\"STAMAR\",\"url\":\"https:\\\/\\\/stamar.pl\\\/en\\\/\",\"logo\":{\"@type\":\"ImageObject\",\"inLanguage\":\"en-US\",\"@id\":\"https:\\\/\\\/stamar.pl\\\/en\\\/#\\\/schema\\\/logo\\\/image\\\/\",\"url\":\"https:\\\/\\\/stamar.pl\\\/wp-content\\\/uploads\\\/2017\\\/05\\\/favicon.png\",\"contentUrl\":\"https:\\\/\\\/stamar.pl\\\/wp-content\\\/uploads\\\/2017\\\/05\\\/favicon.png\",\"width\":156,\"height\":156,\"caption\":\"STAMAR\"},\"image\":{\"@id\":\"https:\\\/\\\/stamar.pl\\\/en\\\/#\\\/schema\\\/logo\\\/image\\\/\"}}]}<\/script>\n<!-- \/ Yoast SEO plugin. -->","yoast_head_json":{"title":"Sklep Stamar SINOPanel - Choroby przewlek\u0142e (GLY\/HCY\/UA\/LDL-C) - Stamar","robots":{"index":"index","follow":"follow","max-snippet":"max-snippet:-1","max-image-preview":"max-image-preview:large","max-video-preview":"max-video-preview:-1"},"canonical":"https:\/\/stamar.pl\/en\/sklep\/weterynaria\/koagulologia-weterynaria\/sinopanel-przewlekleglu-hcy-ua-ldl\/","og_locale":"en_US","og_type":"article","og_title":"Sklep Stamar SINOPanel - Choroby przewlek\u0142e (GLY\/HCY\/UA\/LDL-C) - Stamar","og_description":"Choroby przewlek\u0142e Glukoza \/ Homocysteina \/ Kwas moczowy \/ Cholesterol LDL Dost\u0119pne na zam\u00f3wienie &#8211; dostawa 4-8 tygodni lub wg harmonogramu rocznego Do analizatora Sinocare R-tec 30 test\u00f3w w opakowaniu. [...]ZOBACZ from SINOPanel &#8211; Choroby przewlek\u0142e (GLY\/HCY\/UA\/LDL-C)","og_url":"https:\/\/stamar.pl\/en\/sklep\/weterynaria\/koagulologia-weterynaria\/sinopanel-przewlekleglu-hcy-ua-ldl\/","og_site_name":"Stamar","article_modified_time":"2025-08-19T11:47:28+00:00","og_image":[{"width":1200,"height":1600,"url":"https:\/\/stamar.pl\/wp-content\/uploads\/2025\/08\/Sinocare-Photoroom.png","type":"image\/png"}],"twitter_card":"summary_large_image","schema":{"@context":"https:\/\/schema.org","@graph":[{"@type":"WebPage","@id":"https:\/\/stamar.pl\/en\/sklep\/weterynaria\/koagulologia-weterynaria\/sinopanel-przewlekleglu-hcy-ua-ldl\/","url":"https:\/\/stamar.pl\/en\/sklep\/weterynaria\/koagulologia-weterynaria\/sinopanel-przewlekleglu-hcy-ua-ldl\/","name":"Sklep Stamar SINOPanel - Choroby przewlek\u0142e (GLY\/HCY\/UA\/LDL-C) - Stamar","isPartOf":{"@id":"https:\/\/stamar.pl\/en\/#website"},"primaryImageOfPage":{"@id":"https:\/\/stamar.pl\/en\/sklep\/weterynaria\/koagulologia-weterynaria\/sinopanel-przewlekleglu-hcy-ua-ldl\/#primaryimage"},"image":{"@id":"https:\/\/stamar.pl\/en\/sklep\/weterynaria\/koagulologia-weterynaria\/sinopanel-przewlekleglu-hcy-ua-ldl\/#primaryimage"},"thumbnailUrl":"https:\/\/stamar.pl\/wp-content\/uploads\/2025\/08\/Sinocare-Photoroom.png","datePublished":"2025-08-16T05:48:44+00:00","dateModified":"2025-08-19T11:47:28+00:00","breadcrumb":{"@id":"https:\/\/stamar.pl\/en\/sklep\/weterynaria\/koagulologia-weterynaria\/sinopanel-przewlekleglu-hcy-ua-ldl\/#breadcrumb"},"inLanguage":"en-US","potentialAction":[{"@type":"ReadAction","target":["https:\/\/stamar.pl\/en\/sklep\/weterynaria\/koagulologia-weterynaria\/sinopanel-przewlekleglu-hcy-ua-ldl\/"]}]},{"@type":"ImageObject","inLanguage":"en-US","@id":"https:\/\/stamar.pl\/en\/sklep\/weterynaria\/koagulologia-weterynaria\/sinopanel-przewlekleglu-hcy-ua-ldl\/#primaryimage","url":"https:\/\/stamar.pl\/wp-content\/uploads\/2025\/08\/Sinocare-Photoroom.png","contentUrl":"https:\/\/stamar.pl\/wp-content\/uploads\/2025\/08\/Sinocare-Photoroom.png","width":1200,"height":1600},{"@type":"BreadcrumbList","@id":"https:\/\/stamar.pl\/en\/sklep\/weterynaria\/koagulologia-weterynaria\/sinopanel-przewlekleglu-hcy-ua-ldl\/#breadcrumb","itemListElement":[{"@type":"ListItem","position":1,"name":"Home","item":"https:\/\/stamar.pl\/en\/about-us\/"},{"@type":"ListItem","position":2,"name":"Sklep","item":"https:\/\/stamar.pl\/sklep\/"},{"@type":"ListItem","position":3,"name":"SINOPanel &#8211; Choroby przewlek\u0142e (GLY\/HCY\/UA\/LDL-C)"}]},{"@type":"WebSite","@id":"https:\/\/stamar.pl\/en\/#website","url":"https:\/\/stamar.pl\/en\/","name":"Stamar","description":"Odczynniki i analizatory do diagnostyki laboratoryjnej","publisher":{"@id":"https:\/\/stamar.pl\/en\/#organization"},"potentialAction":[{"@type":"SearchAction","target":{"@type":"EntryPoint","urlTemplate":"https:\/\/stamar.pl\/en\/?s={search_term_string}"},"query-input":{"@type":"PropertyValueSpecification","valueRequired":true,"valueName":"search_term_string"}}],"inLanguage":"en-US"},{"@type":"Organization","@id":"https:\/\/stamar.pl\/en\/#organization","name":"STAMAR","url":"https:\/\/stamar.pl\/en\/","logo":{"@type":"ImageObject","inLanguage":"en-US","@id":"https:\/\/stamar.pl\/en\/#\/schema\/logo\/image\/","url":"https:\/\/stamar.pl\/wp-content\/uploads\/2017\/05\/favicon.png","contentUrl":"https:\/\/stamar.pl\/wp-content\/uploads\/2017\/05\/favicon.png","width":156,"height":156,"caption":"STAMAR"},"image":{"@id":"https:\/\/stamar.pl\/en\/#\/schema\/logo\/image\/"}}]}},"_links":{"self":[{"href":"https:\/\/stamar.pl\/en\/wp-json\/wp\/v2\/product\/153312","targetHints":{"allow":["GET"]}}],"collection":[{"href":"https:\/\/stamar.pl\/en\/wp-json\/wp\/v2\/product"}],"about":[{"href":"https:\/\/stamar.pl\/en\/wp-json\/wp\/v2\/types\/product"}],"replies":[{"embeddable":true,"href":"https:\/\/stamar.pl\/en\/wp-json\/wp\/v2\/comments?post=153312"}],"wp:featuredmedia":[{"embeddable":true,"href":"https:\/\/stamar.pl\/en\/wp-json\/wp\/v2\/media\/154514"}],"wp:attachment":[{"href":"https:\/\/stamar.pl\/en\/wp-json\/wp\/v2\/media?parent=153312"}],"wp:term":[{"taxonomy":"product_brand","embeddable":true,"href":"https:\/\/stamar.pl\/en\/wp-json\/wp\/v2\/product_brand?post=153312"},{"taxonomy":"product_cat","embeddable":true,"href":"https:\/\/stamar.pl\/en\/wp-json\/wp\/v2\/product_cat?post=153312"},{"taxonomy":"product_tag","embeddable":true,"href":"https:\/\/stamar.pl\/en\/wp-json\/wp\/v2\/product_tag?post=153312"}],"curies":[{"name":"wp","href":"https:\/\/api.w.org\/{rel}","templated":true}]}}