{"id":161110,"date":"2025-11-12T12:45:31","date_gmt":"2025-11-12T11:45:31","guid":{"rendered":"https:\/\/stamar.pl\/?page_id=161110"},"modified":"2025-11-12T12:45:34","modified_gmt":"2025-11-12T11:45:34","slug":"pcr-easy-real-time-pcr-system-wykrywanie-kodu-genetycznego-zwierzecych-patogenow","status":"publish","type":"page","link":"https:\/\/stamar.pl\/en\/pcr-easy-real-time-pcr-system-wykrywanie-kodu-genetycznego-zwierzecych-patogenow\/","title":{"rendered":"PCR Easy &#8211; Real-time PCR System Wykrywanie kodu genetycznego zwierz\u0119cych patogen\u00f3w"},"content":{"rendered":"\n<figure class=\"wp-block-image size-large is-resized\"><img decoding=\"async\" src=\"http:\/\/stamar.pl\/wp-content\/uploads\/2025\/07\/LOGO-2025-1024x1024.png\" alt=\"\" class=\"wp-image-151424\" style=\"width:175px;height:auto\"\/><\/figure>\n\n\n<div class=\"wp-block-image\">\n<figure class=\"aligncenter size-full is-resized\"><img decoding=\"async\" src=\"http:\/\/stamar.pl\/wp-content\/uploads\/2025\/07\/pcr-easy.png.png\" alt=\"\" class=\"wp-image-140569\" style=\"width:545px;height:auto\"\/><\/figure>\n<\/div>\n\n\n<p class=\"has-text-align-center\">PCR Easy wykorzystuj\u0105c technologi\u0119 PCR-TaqMan, zapewnia wysok\u0105 czu\u0142o\u015b\u0107, co gwarantuje precyzyjne wyniki detekcji. Dzi\u0119ki temu urz\u0105dzeniu w\u0142a\u015bciciele zwierz\u0105t domowych mog\u0105 wcze\u015bnie wykry\u0107 ukryte choroby swoich pupili, co pozwala na szybkie leczenie i profilaktyk\u0119.<\/p>\n\n\n\n<p><\/p>\n\n\n\n<div class=\"wp-block-group\"><div class=\"wp-block-group__inner-container is-layout-constrained wp-block-group-is-layout-constrained\">\n<p class=\"has-medium-font-size\"><strong>Prosta obs\u0142uga w 2 krokach<\/strong><\/p>\n<\/div><\/div>\n\n\n<div class=\"wp-block-image\">\n<figure class=\"aligncenter size-full is-resized\"><img decoding=\"async\" src=\"http:\/\/stamar.pl\/wp-content\/uploads\/2025\/07\/Kroki.png\" alt=\"\" class=\"wp-image-140599\" style=\"width:624px;height:auto\"\/><\/figure>\n<\/div>\n\n\n<p class=\"has-medium-font-size\"><strong>Dost\u0119pne testy:<\/strong><\/p>\n\n\n\n<p><strong>KOT &amp; PIES<\/strong><\/p>\n\n\n\n<figure class=\"wp-block-table is-style-stripes\"><table><tbody><tr><td>EasyPCR001<\/td><td>PCR panel 1 <strong>\u03b1<\/strong> Coronavirus typ I<\/td><\/tr><tr><td>EasyPCR076<\/td><td>PCR panel 1 pies &#8211; Coronavirus (oddechowy)<\/td><\/tr><tr><td>EasyPCR004<\/td><td>PCR panel 1 pies &#8211; Parvovirus (CPV)<\/td><\/tr><tr><td>EasyPCR020<\/td><td>PCR panel 1 kot &#8211; Parvovirus (FPV)<\/td><\/tr><tr><td>EasyPCR005<\/td><td>PCR panel 1 Toxoplasma gondii&nbsp;<\/td><\/tr><tr><td>EasyPCR014<\/td><td>PCR panel 1 Chlamydia&nbsp;<\/td><\/tr><tr><td>EasyPCR008<\/td><td>PCR panel 1 Borrelia burgdoferi&nbsp;<\/td><\/tr><tr><td>EasyPCR002<\/td><td>PCR panel 1 kot &#8211; Calcivirus (FCV)<\/td><\/tr><tr><td>EasyPCR019<\/td><td>PCR panel 1 CDV &#8211; nos\u00f3wka&nbsp;<\/td><\/tr><tr><td>EasyPCR02022<\/td><td>PCR panel 1 Giardia lamblia<\/td><\/tr><tr><td>EasyPCR048<\/td><td>PCR panel 1 H.pylori<\/td><\/tr><tr><td>EasyPCR067<\/td><td>PCR panel 1 Anaplazmoza granulocytarna&nbsp;<\/td><\/tr><tr><td>EasyPCR062<\/td><td>PCR panel 1 Hemotropic Mycoplasma<\/td><\/tr><tr><td>EasyPCR006<\/td><td>PCR panel 1 paso\u017cyt sercowy<\/td><\/tr><tr><td>EasyPCR070<\/td><td>PCR panel 1 pies &#8211; Neospora<\/td><\/tr><tr><td>EasyPCR003<\/td><td>PCR panel 1 kot &#8211; Herpesvirus typ I  (FHV-1)<\/td><\/tr><tr><td>EasyPCR075<\/td><td>PCR panel 1 pies &#8211; Herpesvirus typ I (CHV-1)<\/td><\/tr><tr><td>EasyPCR025<\/td><td>PCR panel 1 Mykoplasma<\/td><\/tr><tr><td>EasyPCR007<\/td><td>PCR panel 1 Leptospira<\/td><\/tr><tr><td>EasyPCR016<\/td><td>PCR panel 1 pies &#8211; Adenovirus typ I (CAV-1)<\/td><\/tr><tr><td>EasyPCR017<\/td><td>PCR panel 1 pies &#8211; Adenovirus typ II (CAV-2)<\/td><\/tr><tr><td>EasyPCR018<\/td><td>PCR panel 1 pies &#8211; Parainfluenza Virus (CPIV)<\/td><\/tr><tr><td>EasyPCR021<\/td><td>PCR panel 1 Babesia spp.<\/td><\/tr><tr><td>EasyPCR024<\/td><td>PCR panel 1 Cryptosporidium spp.<\/td><\/tr><tr><td>EasyPCR027<\/td><td>PCR panel 1 Ehrlichia spp.<\/td><\/tr><tr><td>EasyPCR028<\/td><td>PCR panel 1 FIV<\/td><\/tr><tr><td>EasyPCR029<\/td><td>PCR panel 1 FeLV<\/td><\/tr><tr><td>EasyPCR037<\/td><td>PCR panel 1 Brucella spp.<\/td><\/tr><tr><td>EasyPCR039<\/td><td>PCR panel 1 Bordetella bronchiseptica<\/td><\/tr><tr><td>EasyPCR041<\/td><td>PCR panel 1 Tritrichomonas foetus<\/td><\/tr><tr><td>EasyPCR061<\/td><td>PCR panel 1 Leishmania spp.<\/td><\/tr><tr><td>EasyPCR074<\/td><td>PCR panel 1 Influenza A Virus<\/td><\/tr><tr><td>EasyPCR077<\/td><td>PCR panel 1 pies &#8211; Pneumovirus<\/td><\/tr><tr><td>EasyPCR091<\/td><td>PCR panel 1 Hepatozoon<\/td><\/tr><tr><td>EasyPCR036<\/td><td>PCR panel 2 Babesia canis\/Babesia gibsoni<\/td><\/tr><tr><td>EasyPCR031<\/td><td>PCR panel 2 Parvovirus\/<strong>\u03b1<\/strong> Coronavirus typ I<\/td><\/tr><tr><td>EasyPCR032<\/td><td>PCR panel 2 Chlamydia\/Mykoplasma&nbsp;<\/td><\/tr><tr><td>EasyPCR034<\/td><td>PCR panel 2 Leptospira spp.\/Toxoplasma gondii<\/td><\/tr><tr><td>EasyPCR042<\/td><td>PCR panel 2 kot &#8211; odporno\u015b\u0107\/bia\u0142aczka (FIV\/FeLV)<\/td><\/tr><tr><td>EasyPCR030<\/td><td>PCR panel 2 kot &#8211; FCV\/Herpesvirus typ I<\/td><\/tr><tr><td>EasyPCR046<\/td><td>PCR panel 2  Giardia lamblia\/Tritrichomonas foetus<\/td><\/tr><tr><td>EasyPCR073<\/td><td>PCR panel 2 Cryptosporidium spp.\/H.pylori<\/td><\/tr><tr><td>EasyPCR079<\/td><td>PCR panel 2 pies &#8211; CDV\/Parainfluenza Virus<\/td><\/tr><tr><td>EasyPCR043<\/td><td>PCR panel 2 Bartonella henselae\/Toxoplasma gondii<\/td><\/tr><tr><td>EasyPCR055<\/td><td>PCR panel 4 kot &#8211; anemia (Bartonella henselae\/Hemotropic Mycoplasma\/FIV\/FeLV)<\/td><\/tr><tr><td>EasyPCR053<\/td><td>PCR panel 4 pies &#8211; \u017co\u0142\u0105dkowo-jelitowy (Parvovirus, <strong>\u03b1<\/strong> Coronavirus typ I, Giardia lamblia, Cryptosporidium spp.)<\/td><\/tr><tr><td>EasyPCR038<\/td><td>PCR panel 4 kot &#8211; oddechowy (FCV, Herpesvirus typ I, Chlamydia, Mykoplasma)<\/td><\/tr><tr><td>EasyPCR047<\/td><td>PCR panel 4 kot &#8211; \u017co\u0142\u0105dkowy (Parvovirus, <strong>\u03b1<\/strong> Coronavirus typ I, Giardia lamblia, Tritrichomonas foetus)<\/td><\/tr><tr><td>EasyPCR051<\/td><td>PCR panel 4&nbsp; pies &#8211; paso\u017cyt krwi (Borrelia burgdoferi, Ehrlichia spp., Anaplazmoza granulocytarna, paso\u017cyt sercowy)<\/td><\/tr><tr><td>EasyPCR072<\/td><td>PCR panel 4 pies &#8211; nowy paso\u017cyt krwi ( Anaplazmoza granulocytarna, Ehrlichia spp., Babesia spp., Borrelia burgdoferi)<\/td><\/tr><tr><td>EasyPCR054<\/td><td>PCR panel 4 kot &#8211; zapalenie jamy ustnej (FCV\/FHV-1\/FIV\/FeLV)<\/td><\/tr><tr><td>EasyPCR052<\/td><td>PCR panel 4 pies &#8211; oddechowy (CDV\/CAV-2\/CPIV\/Bb)<\/td><\/tr><tr><td>EasyPCR045<\/td><td>PCR panel 5 kot &#8211; oddechowy (FCV, FHV-1, Chlamydia, Mykoplasma, Bordetella bronchiseptica)<\/td><\/tr><tr><td>EasyPCR049<\/td><td>PCR panel 6 Choroby odzwierz\u0119ce (Leptospira\/Toxoplasma gondii\/Babesia canis\/Babesia gibsoni\/ paso\u017cyt sercowy)<\/td><\/tr><tr><td>EasyPCR050<\/td><td>PCR panel 6 pies &#8211; anemia (Babesia canis\/Babesia gibsoni\/Borrelia burgdoferi\/Ehrlichia spp.\/Anaplazmoza granulocytarna\/Hemotropic Mycoplasma)<\/td><\/tr><tr><td>EasyPCR078<\/td><td>PCR panel 6 pies &#8211; oddechowy (CDV\/CAV-2\/CPIV\/Bordetella bronchiseptica\/Mycoplasma cynos\/Influenza A Virus)<\/td><\/tr><\/tbody><\/table><\/figure>\n\n\n\n<p><strong>KONIE &amp; OWCE<\/strong><\/p>\n\n\n\n<figure class=\"wp-block-table is-style-stripes\"><table><tbody><tr><td>EquPCR001<\/td><td>PCR panel 1 Wirusowe zapalenie t\u0119tnic u konia (EVA)<\/td><\/tr><tr><td>EquPCR021<\/td><td>PCR panel 1 Gamma-Herpesvirus 2 (EHV-2)<\/td><\/tr><tr><td>EquPCR003<\/td><td>PCR panel 1 Herpesvirus (EHV-1)<\/td><\/tr><tr><td>EquPCR004<\/td><td>PCR panel 1 Alfa-Herpesvirus (EHV-9) <\/td><\/tr><tr><td>EquPCR005<\/td><td>PCR panel 1 Influenza (EIV)<\/td><\/tr><tr><td>EquPCR006<\/td><td>PCR panel 1 Brodawczyca (EcPV)<\/td><\/tr><tr><td>EquPCR007<\/td><td>PCR panel 1 Wirusowa biegunka u koni (EDV)<\/td><\/tr><tr><td>EquPCR008<\/td><td>PCR panel 1 Zaka\u017ane zapalenie p\u0142uc u koni (EIP)<\/td><\/tr><\/tbody><\/table><\/figure>\n\n\n\n<p><\/p>\n","protected":false},"excerpt":{"rendered":"<p>PCR Easy wykorzystuj\u0105c technologi\u0119 PCR-TaqMan, zapewnia wysok\u0105 czu\u0142o\u015b\u0107, co gwarantuje precyzyjne wyniki detekcji. Dzi\u0119ki temu urz\u0105dzeniu w\u0142a\u015bciciele zwierz\u0105t domowych mog\u0105 wcze\u015bnie wykry\u0107 ukryte choroby swoich pupili, co pozwala na szybkie leczenie i profilaktyk\u0119. Prosta obs\u0142uga w 2 krokach Dost\u0119pne testy: KOT &amp; PIES EasyPCR001 PCR panel 1 \u03b1 Coronavirus typ I EasyPCR076 PCR panel 1 [&#8230;]<\/p>\n<p><a class=\"understrap-read-more-link\" href=\"https:\/\/stamar.pl\/en\/pcr-easy-real-time-pcr-system-wykrywanie-kodu-genetycznego-zwierzecych-patogenow\/\">ZOBACZ<span class=\"screen-reader-text\"> from PCR Easy &#8211; Real-time PCR System Wykrywanie kodu genetycznego zwierz\u0119cych patogen\u00f3w<\/span><img decoding=\"async\" src=\"\/wp-content\/themes\/stamar-2024\/src\/img\/arrow-right.svg\" alt=\"ikona strza\u0142ka\"><\/a><\/p>\n","protected":false},"author":2389,"featured_media":0,"parent":0,"menu_order":0,"comment_status":"closed","ping_status":"closed","template":"","meta":{"_acf_changed":false,"footnotes":""},"class_list":["post-161110","page","type-page","status-publish","hentry"],"acf":[],"yoast_head":"<!-- This site is optimized with the Yoast SEO plugin v27.6 - https:\/\/yoast.com\/product\/yoast-seo-wordpress\/ -->\n<title>PCR Easy - Real-time PCR System Wykrywanie kodu genetycznego zwierz\u0119cych patogen\u00f3w - Stamar<\/title>\n<meta name=\"robots\" content=\"index, follow, max-snippet:-1, max-image-preview:large, max-video-preview:-1\" \/>\n<link rel=\"canonical\" href=\"https:\/\/stamar.pl\/en\/pcr-easy-real-time-pcr-system-wykrywanie-kodu-genetycznego-zwierzecych-patogenow\/\" \/>\n<meta property=\"og:locale\" content=\"en_US\" \/>\n<meta property=\"og:type\" content=\"article\" \/>\n<meta property=\"og:title\" content=\"PCR Easy - Real-time PCR System Wykrywanie kodu genetycznego zwierz\u0119cych patogen\u00f3w - Stamar\" \/>\n<meta property=\"og:description\" content=\"PCR Easy wykorzystuj\u0105c technologi\u0119 PCR-TaqMan, zapewnia wysok\u0105 czu\u0142o\u015b\u0107, co gwarantuje precyzyjne wyniki detekcji. Dzi\u0119ki temu urz\u0105dzeniu w\u0142a\u015bciciele zwierz\u0105t domowych mog\u0105 wcze\u015bnie wykry\u0107 ukryte choroby swoich pupili, co pozwala na szybkie leczenie i profilaktyk\u0119. Prosta obs\u0142uga w 2 krokach Dost\u0119pne testy: KOT &amp; PIES EasyPCR001 PCR panel 1 \u03b1 Coronavirus typ I EasyPCR076 PCR panel 1 [...]ZOBACZ from PCR Easy &#8211; Real-time PCR System Wykrywanie kodu genetycznego zwierz\u0119cych patogen\u00f3w\" \/>\n<meta property=\"og:url\" content=\"https:\/\/stamar.pl\/en\/pcr-easy-real-time-pcr-system-wykrywanie-kodu-genetycznego-zwierzecych-patogenow\/\" \/>\n<meta property=\"og:site_name\" content=\"Stamar\" \/>\n<meta property=\"article:modified_time\" content=\"2025-11-12T11:45:34+00:00\" \/>\n<meta property=\"og:image\" content=\"http:\/\/stamar.pl\/wp-content\/uploads\/2025\/07\/LOGO-2025-1024x1024.png\" \/>\n<meta name=\"twitter:card\" content=\"summary_large_image\" \/>\n<meta name=\"twitter:label1\" content=\"Est. reading time\" \/>\n\t<meta name=\"twitter:data1\" content=\"3 minutes\" \/>\n<script type=\"application\/ld+json\" class=\"yoast-schema-graph\">{\"@context\":\"https:\\\/\\\/schema.org\",\"@graph\":[{\"@type\":\"WebPage\",\"@id\":\"https:\\\/\\\/stamar.pl\\\/en\\\/pcr-easy-real-time-pcr-system-wykrywanie-kodu-genetycznego-zwierzecych-patogenow\\\/\",\"url\":\"https:\\\/\\\/stamar.pl\\\/en\\\/pcr-easy-real-time-pcr-system-wykrywanie-kodu-genetycznego-zwierzecych-patogenow\\\/\",\"name\":\"PCR Easy - Real-time PCR System Wykrywanie kodu genetycznego zwierz\u0119cych patogen\u00f3w - Stamar\",\"isPartOf\":{\"@id\":\"https:\\\/\\\/stamar.pl\\\/en\\\/#website\"},\"primaryImageOfPage\":{\"@id\":\"https:\\\/\\\/stamar.pl\\\/en\\\/pcr-easy-real-time-pcr-system-wykrywanie-kodu-genetycznego-zwierzecych-patogenow\\\/#primaryimage\"},\"image\":{\"@id\":\"https:\\\/\\\/stamar.pl\\\/en\\\/pcr-easy-real-time-pcr-system-wykrywanie-kodu-genetycznego-zwierzecych-patogenow\\\/#primaryimage\"},\"thumbnailUrl\":\"http:\\\/\\\/stamar.pl\\\/wp-content\\\/uploads\\\/2025\\\/07\\\/LOGO-2025-1024x1024.png\",\"datePublished\":\"2025-11-12T11:45:31+00:00\",\"dateModified\":\"2025-11-12T11:45:34+00:00\",\"breadcrumb\":{\"@id\":\"https:\\\/\\\/stamar.pl\\\/en\\\/pcr-easy-real-time-pcr-system-wykrywanie-kodu-genetycznego-zwierzecych-patogenow\\\/#breadcrumb\"},\"inLanguage\":\"en-US\",\"potentialAction\":[{\"@type\":\"ReadAction\",\"target\":[\"https:\\\/\\\/stamar.pl\\\/en\\\/pcr-easy-real-time-pcr-system-wykrywanie-kodu-genetycznego-zwierzecych-patogenow\\\/\"]}]},{\"@type\":\"ImageObject\",\"inLanguage\":\"en-US\",\"@id\":\"https:\\\/\\\/stamar.pl\\\/en\\\/pcr-easy-real-time-pcr-system-wykrywanie-kodu-genetycznego-zwierzecych-patogenow\\\/#primaryimage\",\"url\":\"http:\\\/\\\/stamar.pl\\\/wp-content\\\/uploads\\\/2025\\\/07\\\/LOGO-2025-1024x1024.png\",\"contentUrl\":\"http:\\\/\\\/stamar.pl\\\/wp-content\\\/uploads\\\/2025\\\/07\\\/LOGO-2025-1024x1024.png\"},{\"@type\":\"BreadcrumbList\",\"@id\":\"https:\\\/\\\/stamar.pl\\\/en\\\/pcr-easy-real-time-pcr-system-wykrywanie-kodu-genetycznego-zwierzecych-patogenow\\\/#breadcrumb\",\"itemListElement\":[{\"@type\":\"ListItem\",\"position\":1,\"name\":\"Home\",\"item\":\"https:\\\/\\\/stamar.pl\\\/en\\\/about-us\\\/\"},{\"@type\":\"ListItem\",\"position\":2,\"name\":\"PCR Easy &#8211; Real-time PCR System Wykrywanie kodu genetycznego zwierz\u0119cych patogen\u00f3w\"}]},{\"@type\":\"WebSite\",\"@id\":\"https:\\\/\\\/stamar.pl\\\/en\\\/#website\",\"url\":\"https:\\\/\\\/stamar.pl\\\/en\\\/\",\"name\":\"Stamar\",\"description\":\"Odczynniki i analizatory do diagnostyki laboratoryjnej\",\"publisher\":{\"@id\":\"https:\\\/\\\/stamar.pl\\\/en\\\/#organization\"},\"potentialAction\":[{\"@type\":\"SearchAction\",\"target\":{\"@type\":\"EntryPoint\",\"urlTemplate\":\"https:\\\/\\\/stamar.pl\\\/en\\\/?s={search_term_string}\"},\"query-input\":{\"@type\":\"PropertyValueSpecification\",\"valueRequired\":true,\"valueName\":\"search_term_string\"}}],\"inLanguage\":\"en-US\"},{\"@type\":\"Organization\",\"@id\":\"https:\\\/\\\/stamar.pl\\\/en\\\/#organization\",\"name\":\"STAMAR\",\"url\":\"https:\\\/\\\/stamar.pl\\\/en\\\/\",\"logo\":{\"@type\":\"ImageObject\",\"inLanguage\":\"en-US\",\"@id\":\"https:\\\/\\\/stamar.pl\\\/en\\\/#\\\/schema\\\/logo\\\/image\\\/\",\"url\":\"https:\\\/\\\/stamar.pl\\\/wp-content\\\/uploads\\\/2017\\\/05\\\/favicon.png\",\"contentUrl\":\"https:\\\/\\\/stamar.pl\\\/wp-content\\\/uploads\\\/2017\\\/05\\\/favicon.png\",\"width\":156,\"height\":156,\"caption\":\"STAMAR\"},\"image\":{\"@id\":\"https:\\\/\\\/stamar.pl\\\/en\\\/#\\\/schema\\\/logo\\\/image\\\/\"}}]}<\/script>\n<!-- \/ Yoast SEO plugin. -->","yoast_head_json":{"title":"PCR Easy - Real-time PCR System Wykrywanie kodu genetycznego zwierz\u0119cych patogen\u00f3w - Stamar","robots":{"index":"index","follow":"follow","max-snippet":"max-snippet:-1","max-image-preview":"max-image-preview:large","max-video-preview":"max-video-preview:-1"},"canonical":"https:\/\/stamar.pl\/en\/pcr-easy-real-time-pcr-system-wykrywanie-kodu-genetycznego-zwierzecych-patogenow\/","og_locale":"en_US","og_type":"article","og_title":"PCR Easy - Real-time PCR System Wykrywanie kodu genetycznego zwierz\u0119cych patogen\u00f3w - Stamar","og_description":"PCR Easy wykorzystuj\u0105c technologi\u0119 PCR-TaqMan, zapewnia wysok\u0105 czu\u0142o\u015b\u0107, co gwarantuje precyzyjne wyniki detekcji. Dzi\u0119ki temu urz\u0105dzeniu w\u0142a\u015bciciele zwierz\u0105t domowych mog\u0105 wcze\u015bnie wykry\u0107 ukryte choroby swoich pupili, co pozwala na szybkie leczenie i profilaktyk\u0119. Prosta obs\u0142uga w 2 krokach Dost\u0119pne testy: KOT &amp; PIES EasyPCR001 PCR panel 1 \u03b1 Coronavirus typ I EasyPCR076 PCR panel 1 [...]ZOBACZ from PCR Easy &#8211; Real-time PCR System Wykrywanie kodu genetycznego zwierz\u0119cych patogen\u00f3w","og_url":"https:\/\/stamar.pl\/en\/pcr-easy-real-time-pcr-system-wykrywanie-kodu-genetycznego-zwierzecych-patogenow\/","og_site_name":"Stamar","article_modified_time":"2025-11-12T11:45:34+00:00","og_image":[{"url":"http:\/\/stamar.pl\/wp-content\/uploads\/2025\/07\/LOGO-2025-1024x1024.png","type":"","width":"","height":""}],"twitter_card":"summary_large_image","twitter_misc":{"Est. reading time":"3 minutes"},"schema":{"@context":"https:\/\/schema.org","@graph":[{"@type":"WebPage","@id":"https:\/\/stamar.pl\/en\/pcr-easy-real-time-pcr-system-wykrywanie-kodu-genetycznego-zwierzecych-patogenow\/","url":"https:\/\/stamar.pl\/en\/pcr-easy-real-time-pcr-system-wykrywanie-kodu-genetycznego-zwierzecych-patogenow\/","name":"PCR Easy - Real-time PCR System Wykrywanie kodu genetycznego zwierz\u0119cych patogen\u00f3w - Stamar","isPartOf":{"@id":"https:\/\/stamar.pl\/en\/#website"},"primaryImageOfPage":{"@id":"https:\/\/stamar.pl\/en\/pcr-easy-real-time-pcr-system-wykrywanie-kodu-genetycznego-zwierzecych-patogenow\/#primaryimage"},"image":{"@id":"https:\/\/stamar.pl\/en\/pcr-easy-real-time-pcr-system-wykrywanie-kodu-genetycznego-zwierzecych-patogenow\/#primaryimage"},"thumbnailUrl":"http:\/\/stamar.pl\/wp-content\/uploads\/2025\/07\/LOGO-2025-1024x1024.png","datePublished":"2025-11-12T11:45:31+00:00","dateModified":"2025-11-12T11:45:34+00:00","breadcrumb":{"@id":"https:\/\/stamar.pl\/en\/pcr-easy-real-time-pcr-system-wykrywanie-kodu-genetycznego-zwierzecych-patogenow\/#breadcrumb"},"inLanguage":"en-US","potentialAction":[{"@type":"ReadAction","target":["https:\/\/stamar.pl\/en\/pcr-easy-real-time-pcr-system-wykrywanie-kodu-genetycznego-zwierzecych-patogenow\/"]}]},{"@type":"ImageObject","inLanguage":"en-US","@id":"https:\/\/stamar.pl\/en\/pcr-easy-real-time-pcr-system-wykrywanie-kodu-genetycznego-zwierzecych-patogenow\/#primaryimage","url":"http:\/\/stamar.pl\/wp-content\/uploads\/2025\/07\/LOGO-2025-1024x1024.png","contentUrl":"http:\/\/stamar.pl\/wp-content\/uploads\/2025\/07\/LOGO-2025-1024x1024.png"},{"@type":"BreadcrumbList","@id":"https:\/\/stamar.pl\/en\/pcr-easy-real-time-pcr-system-wykrywanie-kodu-genetycznego-zwierzecych-patogenow\/#breadcrumb","itemListElement":[{"@type":"ListItem","position":1,"name":"Home","item":"https:\/\/stamar.pl\/en\/about-us\/"},{"@type":"ListItem","position":2,"name":"PCR Easy &#8211; Real-time PCR System Wykrywanie kodu genetycznego zwierz\u0119cych patogen\u00f3w"}]},{"@type":"WebSite","@id":"https:\/\/stamar.pl\/en\/#website","url":"https:\/\/stamar.pl\/en\/","name":"Stamar","description":"Odczynniki i analizatory do diagnostyki laboratoryjnej","publisher":{"@id":"https:\/\/stamar.pl\/en\/#organization"},"potentialAction":[{"@type":"SearchAction","target":{"@type":"EntryPoint","urlTemplate":"https:\/\/stamar.pl\/en\/?s={search_term_string}"},"query-input":{"@type":"PropertyValueSpecification","valueRequired":true,"valueName":"search_term_string"}}],"inLanguage":"en-US"},{"@type":"Organization","@id":"https:\/\/stamar.pl\/en\/#organization","name":"STAMAR","url":"https:\/\/stamar.pl\/en\/","logo":{"@type":"ImageObject","inLanguage":"en-US","@id":"https:\/\/stamar.pl\/en\/#\/schema\/logo\/image\/","url":"https:\/\/stamar.pl\/wp-content\/uploads\/2017\/05\/favicon.png","contentUrl":"https:\/\/stamar.pl\/wp-content\/uploads\/2017\/05\/favicon.png","width":156,"height":156,"caption":"STAMAR"},"image":{"@id":"https:\/\/stamar.pl\/en\/#\/schema\/logo\/image\/"}}]}},"_links":{"self":[{"href":"https:\/\/stamar.pl\/en\/wp-json\/wp\/v2\/pages\/161110","targetHints":{"allow":["GET"]}}],"collection":[{"href":"https:\/\/stamar.pl\/en\/wp-json\/wp\/v2\/pages"}],"about":[{"href":"https:\/\/stamar.pl\/en\/wp-json\/wp\/v2\/types\/page"}],"author":[{"embeddable":true,"href":"https:\/\/stamar.pl\/en\/wp-json\/wp\/v2\/users\/2389"}],"replies":[{"embeddable":true,"href":"https:\/\/stamar.pl\/en\/wp-json\/wp\/v2\/comments?post=161110"}],"version-history":[{"count":0,"href":"https:\/\/stamar.pl\/en\/wp-json\/wp\/v2\/pages\/161110\/revisions"}],"wp:attachment":[{"href":"https:\/\/stamar.pl\/en\/wp-json\/wp\/v2\/media?parent=161110"}],"curies":[{"name":"wp","href":"https:\/\/api.w.org\/{rel}","templated":true}]}}