{"id":161108,"date":"2025-11-12T12:44:51","date_gmt":"2025-11-12T11:44:51","guid":{"rendered":"https:\/\/stamar.pl\/?page_id=161108"},"modified":"2025-11-12T12:44:52","modified_gmt":"2025-11-12T11:44:52","slug":"aktualizacja-oprogramowanie-edan-i15","status":"publish","type":"page","link":"https:\/\/stamar.pl\/en\/blood-gases-and-ions\/aktualizacja-oprogramowanie-edan-i15\/","title":{"rendered":"Aktualizacja oprogramowanie EDAN i15"},"content":{"rendered":"<h1><strong>INSTRUKCJA AKTUALIZACJI OPROGRAMOWANIA<\/strong><strong><br \/><\/strong><\/h1>\n<h1>EDAN i15<\/h1>\n<p>Aktualizacja oprogramowania grudzie\u0144 2025<\/p>\n<h4><strong>INSTRUKCJA AKTUALIZACJI OPROGRAMOWANIA EDAN i15<\/strong><strong>\u00a0<\/strong><\/h4>\n\n\n<p><strong>INSTRUKCJA AKTUALIZACJI OPROGRAMOWANIA EDAN i15<\/strong><\/p>\n\n\n\n<ol class=\"wp-block-list\">\n<li>Pobra\u0107 aktualizacj\u0119 klikaj\u0105c w <a href=\"http:\/\/stamar.pl\/wp-content\/uploads\/EDAN_software\/1.80_1.74_ludzki.rar\">link<\/a> (dla ludzkiego) i w <a href=\"http:\/\/stamar.pl\/wp-content\/uploads\/EDAN_software\/1.80_1.74_Vet.rar\">link <\/a>(dla weterynaryjnego) oraz zapisa\u0107 na lokalnym dysku.<\/li>\n\n\n\n<li>Rozpakowa\u0107 plik.<\/li>\n\n\n\n<li>Katalog target nagra\u0107 na pendriva <strong>do 8GB<\/strong>. Pendrive musi by\u0107 sformatowany jako fat32.<\/li>\n\n\n\n<li>Uruchomi\u0107 analizator i si\u0119 zalogowa\u0107<\/li>\n\n\n\n<li>Wybra\u0107 przycisk \u201eKonfig.\u201dnast\u0119pnie przycisk \u201eo urz\u0105dzeniu\u201d i nacisn\u0105\u0107 \u201eAktual. wersji.\u201d<\/li>\n\n\n\n<li>Rozpocznie si\u0119 aktualizacja kt\u00f3ra trwa oko\u0142o 20 minut.<\/li>\n\n\n\n<li>Po aktualizacji prosz\u0119 si\u0119 zalogowa\u0107 na U\u017cytkownik: service Has\u0142o: 8008307573<\/li>\n\n\n\n<li>Wybra\u0107 przycisk \u201eKonfig.\u201d nast\u0119pnie przycisk o urz\u0105dzeniu i sprawdzi\u0107 wersj\u0119, musi by\u0107 V1.80 V1.74.<\/li>\n\n\n\n<li>Wyci\u0105gn\u0105\u0107 pendriva.<\/li>\n\n\n\n<li>Przelogowa\u0107 si\u0119 na admin.<\/li>\n<\/ol>\n","protected":false},"excerpt":{"rendered":"<p>INSTRUKCJA AKTUALIZACJI OPROGRAMOWANIA EDAN i15 Aktualizacja oprogramowania grudzie\u0144 2025 INSTRUKCJA AKTUALIZACJI OPROGRAMOWANIA EDAN i15\u00a0 INSTRUKCJA AKTUALIZACJI OPROGRAMOWANIA EDAN i15 [&#8230;]<\/p>\n<p><a class=\"understrap-read-more-link\" href=\"https:\/\/stamar.pl\/en\/blood-gases-and-ions\/aktualizacja-oprogramowanie-edan-i15\/\">ZOBACZ<span class=\"screen-reader-text\"> from Aktualizacja oprogramowanie EDAN i15<\/span><img decoding=\"async\" src=\"\/wp-content\/themes\/stamar-2024\/src\/img\/arrow-right.svg\" alt=\"ikona strza\u0142ka\"><\/a><\/p>\n","protected":false},"author":2389,"featured_media":0,"parent":161056,"menu_order":5,"comment_status":"closed","ping_status":"closed","template":"","meta":{"_acf_changed":false,"footnotes":""},"class_list":["post-161108","page","type-page","status-publish","hentry"],"acf":[],"yoast_head":"<!-- This site is optimized with the Yoast SEO plugin v27.6 - https:\/\/yoast.com\/product\/yoast-seo-wordpress\/ -->\n<title>Aktualizacja oprogramowanie EDAN i15 - Stamar<\/title>\n<meta name=\"robots\" content=\"index, follow, max-snippet:-1, max-image-preview:large, max-video-preview:-1\" \/>\n<link rel=\"canonical\" href=\"https:\/\/stamar.pl\/en\/blood-gases-and-ions\/aktualizacja-oprogramowanie-edan-i15\/\" \/>\n<meta property=\"og:locale\" content=\"en_US\" \/>\n<meta property=\"og:type\" content=\"article\" \/>\n<meta property=\"og:title\" content=\"Aktualizacja oprogramowanie EDAN i15 - Stamar\" \/>\n<meta property=\"og:description\" content=\"INSTRUKCJA AKTUALIZACJI OPROGRAMOWANIA EDAN i15 Aktualizacja oprogramowania grudzie\u0144 2025 INSTRUKCJA AKTUALIZACJI OPROGRAMOWANIA EDAN i15\u00a0 INSTRUKCJA AKTUALIZACJI OPROGRAMOWANIA EDAN i15 [...]ZOBACZ from Aktualizacja oprogramowanie EDAN i15\" \/>\n<meta property=\"og:url\" content=\"https:\/\/stamar.pl\/en\/blood-gases-and-ions\/aktualizacja-oprogramowanie-edan-i15\/\" \/>\n<meta property=\"og:site_name\" content=\"Stamar\" \/>\n<meta property=\"article:modified_time\" content=\"2025-11-12T11:44:52+00:00\" \/>\n<meta name=\"twitter:card\" content=\"summary_large_image\" \/>\n<meta name=\"twitter:label1\" content=\"Est. reading time\" \/>\n\t<meta name=\"twitter:data1\" content=\"1 minute\" \/>\n<script type=\"application\/ld+json\" class=\"yoast-schema-graph\">{\"@context\":\"https:\\\/\\\/schema.org\",\"@graph\":[{\"@type\":\"WebPage\",\"@id\":\"https:\\\/\\\/stamar.pl\\\/en\\\/blood-gases-and-ions\\\/aktualizacja-oprogramowanie-edan-i15\\\/\",\"url\":\"https:\\\/\\\/stamar.pl\\\/en\\\/blood-gases-and-ions\\\/aktualizacja-oprogramowanie-edan-i15\\\/\",\"name\":\"Aktualizacja oprogramowanie EDAN i15 - Stamar\",\"isPartOf\":{\"@id\":\"https:\\\/\\\/stamar.pl\\\/en\\\/#website\"},\"datePublished\":\"2025-11-12T11:44:51+00:00\",\"dateModified\":\"2025-11-12T11:44:52+00:00\",\"breadcrumb\":{\"@id\":\"https:\\\/\\\/stamar.pl\\\/en\\\/blood-gases-and-ions\\\/aktualizacja-oprogramowanie-edan-i15\\\/#breadcrumb\"},\"inLanguage\":\"en-US\",\"potentialAction\":[{\"@type\":\"ReadAction\",\"target\":[\"https:\\\/\\\/stamar.pl\\\/en\\\/blood-gases-and-ions\\\/aktualizacja-oprogramowanie-edan-i15\\\/\"]}]},{\"@type\":\"BreadcrumbList\",\"@id\":\"https:\\\/\\\/stamar.pl\\\/en\\\/blood-gases-and-ions\\\/aktualizacja-oprogramowanie-edan-i15\\\/#breadcrumb\",\"itemListElement\":[{\"@type\":\"ListItem\",\"position\":1,\"name\":\"Home\",\"item\":\"https:\\\/\\\/stamar.pl\\\/en\\\/about-us\\\/\"},{\"@type\":\"ListItem\",\"position\":2,\"name\":\"Blood gases and ions\",\"item\":\"https:\\\/\\\/stamar.pl\\\/en\\\/analizatory\\\/edan-i15\\\/\"},{\"@type\":\"ListItem\",\"position\":3,\"name\":\"Aktualizacja oprogramowanie EDAN i15\"}]},{\"@type\":\"WebSite\",\"@id\":\"https:\\\/\\\/stamar.pl\\\/en\\\/#website\",\"url\":\"https:\\\/\\\/stamar.pl\\\/en\\\/\",\"name\":\"Stamar\",\"description\":\"Odczynniki i analizatory do diagnostyki laboratoryjnej\",\"publisher\":{\"@id\":\"https:\\\/\\\/stamar.pl\\\/en\\\/#organization\"},\"potentialAction\":[{\"@type\":\"SearchAction\",\"target\":{\"@type\":\"EntryPoint\",\"urlTemplate\":\"https:\\\/\\\/stamar.pl\\\/en\\\/?s={search_term_string}\"},\"query-input\":{\"@type\":\"PropertyValueSpecification\",\"valueRequired\":true,\"valueName\":\"search_term_string\"}}],\"inLanguage\":\"en-US\"},{\"@type\":\"Organization\",\"@id\":\"https:\\\/\\\/stamar.pl\\\/en\\\/#organization\",\"name\":\"STAMAR\",\"url\":\"https:\\\/\\\/stamar.pl\\\/en\\\/\",\"logo\":{\"@type\":\"ImageObject\",\"inLanguage\":\"en-US\",\"@id\":\"https:\\\/\\\/stamar.pl\\\/en\\\/#\\\/schema\\\/logo\\\/image\\\/\",\"url\":\"https:\\\/\\\/stamar.pl\\\/wp-content\\\/uploads\\\/2017\\\/05\\\/favicon.png\",\"contentUrl\":\"https:\\\/\\\/stamar.pl\\\/wp-content\\\/uploads\\\/2017\\\/05\\\/favicon.png\",\"width\":156,\"height\":156,\"caption\":\"STAMAR\"},\"image\":{\"@id\":\"https:\\\/\\\/stamar.pl\\\/en\\\/#\\\/schema\\\/logo\\\/image\\\/\"}}]}<\/script>\n<!-- \/ Yoast SEO plugin. -->","yoast_head_json":{"title":"Aktualizacja oprogramowanie EDAN i15 - Stamar","robots":{"index":"index","follow":"follow","max-snippet":"max-snippet:-1","max-image-preview":"max-image-preview:large","max-video-preview":"max-video-preview:-1"},"canonical":"https:\/\/stamar.pl\/en\/blood-gases-and-ions\/aktualizacja-oprogramowanie-edan-i15\/","og_locale":"en_US","og_type":"article","og_title":"Aktualizacja oprogramowanie EDAN i15 - Stamar","og_description":"INSTRUKCJA AKTUALIZACJI OPROGRAMOWANIA EDAN i15 Aktualizacja oprogramowania grudzie\u0144 2025 INSTRUKCJA AKTUALIZACJI OPROGRAMOWANIA EDAN i15\u00a0 INSTRUKCJA AKTUALIZACJI OPROGRAMOWANIA EDAN i15 [...]ZOBACZ from Aktualizacja oprogramowanie EDAN i15","og_url":"https:\/\/stamar.pl\/en\/blood-gases-and-ions\/aktualizacja-oprogramowanie-edan-i15\/","og_site_name":"Stamar","article_modified_time":"2025-11-12T11:44:52+00:00","twitter_card":"summary_large_image","twitter_misc":{"Est. reading time":"1 minute"},"schema":{"@context":"https:\/\/schema.org","@graph":[{"@type":"WebPage","@id":"https:\/\/stamar.pl\/en\/blood-gases-and-ions\/aktualizacja-oprogramowanie-edan-i15\/","url":"https:\/\/stamar.pl\/en\/blood-gases-and-ions\/aktualizacja-oprogramowanie-edan-i15\/","name":"Aktualizacja oprogramowanie EDAN i15 - Stamar","isPartOf":{"@id":"https:\/\/stamar.pl\/en\/#website"},"datePublished":"2025-11-12T11:44:51+00:00","dateModified":"2025-11-12T11:44:52+00:00","breadcrumb":{"@id":"https:\/\/stamar.pl\/en\/blood-gases-and-ions\/aktualizacja-oprogramowanie-edan-i15\/#breadcrumb"},"inLanguage":"en-US","potentialAction":[{"@type":"ReadAction","target":["https:\/\/stamar.pl\/en\/blood-gases-and-ions\/aktualizacja-oprogramowanie-edan-i15\/"]}]},{"@type":"BreadcrumbList","@id":"https:\/\/stamar.pl\/en\/blood-gases-and-ions\/aktualizacja-oprogramowanie-edan-i15\/#breadcrumb","itemListElement":[{"@type":"ListItem","position":1,"name":"Home","item":"https:\/\/stamar.pl\/en\/about-us\/"},{"@type":"ListItem","position":2,"name":"Blood gases and ions","item":"https:\/\/stamar.pl\/en\/analizatory\/edan-i15\/"},{"@type":"ListItem","position":3,"name":"Aktualizacja oprogramowanie EDAN i15"}]},{"@type":"WebSite","@id":"https:\/\/stamar.pl\/en\/#website","url":"https:\/\/stamar.pl\/en\/","name":"Stamar","description":"Odczynniki i analizatory do diagnostyki laboratoryjnej","publisher":{"@id":"https:\/\/stamar.pl\/en\/#organization"},"potentialAction":[{"@type":"SearchAction","target":{"@type":"EntryPoint","urlTemplate":"https:\/\/stamar.pl\/en\/?s={search_term_string}"},"query-input":{"@type":"PropertyValueSpecification","valueRequired":true,"valueName":"search_term_string"}}],"inLanguage":"en-US"},{"@type":"Organization","@id":"https:\/\/stamar.pl\/en\/#organization","name":"STAMAR","url":"https:\/\/stamar.pl\/en\/","logo":{"@type":"ImageObject","inLanguage":"en-US","@id":"https:\/\/stamar.pl\/en\/#\/schema\/logo\/image\/","url":"https:\/\/stamar.pl\/wp-content\/uploads\/2017\/05\/favicon.png","contentUrl":"https:\/\/stamar.pl\/wp-content\/uploads\/2017\/05\/favicon.png","width":156,"height":156,"caption":"STAMAR"},"image":{"@id":"https:\/\/stamar.pl\/en\/#\/schema\/logo\/image\/"}}]}},"_links":{"self":[{"href":"https:\/\/stamar.pl\/en\/wp-json\/wp\/v2\/pages\/161108","targetHints":{"allow":["GET"]}}],"collection":[{"href":"https:\/\/stamar.pl\/en\/wp-json\/wp\/v2\/pages"}],"about":[{"href":"https:\/\/stamar.pl\/en\/wp-json\/wp\/v2\/types\/page"}],"author":[{"embeddable":true,"href":"https:\/\/stamar.pl\/en\/wp-json\/wp\/v2\/users\/2389"}],"replies":[{"embeddable":true,"href":"https:\/\/stamar.pl\/en\/wp-json\/wp\/v2\/comments?post=161108"}],"version-history":[{"count":0,"href":"https:\/\/stamar.pl\/en\/wp-json\/wp\/v2\/pages\/161108\/revisions"}],"up":[{"embeddable":true,"href":"https:\/\/stamar.pl\/en\/wp-json\/wp\/v2\/pages\/161056"}],"wp:attachment":[{"href":"https:\/\/stamar.pl\/en\/wp-json\/wp\/v2\/media?parent=161108"}],"curies":[{"name":"wp","href":"https:\/\/api.w.org\/{rel}","templated":true}]}}