{"id":161104,"date":"2025-11-12T12:43:17","date_gmt":"2025-11-12T11:43:17","guid":{"rendered":"https:\/\/stamar.pl\/?page_id=161104"},"modified":"2025-11-12T12:47:54","modified_gmt":"2025-11-12T11:47:54","slug":"mindray-vetxpert","status":"publish","type":"page","link":"https:\/\/stamar.pl\/en\/mindray-vetxpert\/","title":{"rendered":"Mindray VetXpert"},"content":{"rendered":"\n<p><\/p>\n\n\n\n<p><\/p>\n\n\n\n<figure class=\"wp-block-image size-large is-resized\"><img decoding=\"async\" src=\"http:\/\/stamar.pl\/wp-content\/uploads\/2025\/07\/EN-Mindray-Animal-Logo-transparent-background-1024x301.png\" alt=\"\" class=\"wp-image-140579\" style=\"width:238px;height:auto\"\/><\/figure>\n\n\n<div class=\"wp-block-image\">\n<figure class=\"aligncenter size-large is-resized\"><img decoding=\"async\" src=\"http:\/\/stamar.pl\/wp-content\/uploads\/2025\/07\/Mindray-Animal-IVD-Total-Solution-1-1024x683.png\" alt=\"\" class=\"wp-image-140565\" style=\"width:805px;height:auto\"\/><\/figure>\n<\/div>\n\n\n<p class=\"has-text-align-center has-gray-color has-text-color has-link-color has-medium-font-size wp-elements-aa2f796d502dc65a00c0cacbb6b76e67\"><strong>Jeden system \u2013 wiele instrument\u00f3w i mo\u017cliwo\u015bci<\/strong><\/p>\n\n\n\n<p class=\"has-text-align-center\">Zintegrowany system sterowania, kt\u00f3ry pozwala na \u0142\u0105cznie analizatora biochemicznego z immunologicznym, co znacz\u0105co zwi\u0119ksza efektywno\u015b\u0107 pracy.<\/p>\n\n\n\n<p class=\"has-text-align-center\">VetXpert C5 umo\u017cliwia przebadanie 28 parametr\u00f3w przy u\u017cyciu tylko 100\u00b5L pr\u00f3bki, w zaledwie 12 min.<\/p>\n\n\n\n<p class=\"has-text-align-center\">Modu\u0142 immunochemii umo\u017cliwia badanie hormon\u00f3w, bia\u0142ek ostrej fazy, lipaz specyficznych, przeciwcia\u0142 oraz antygen\u00f3w, chor\u00f3b zaka\u017anych, a tak\u017ce marker\u00f3w chorobowych. Ma mo\u017cliwo\u015b\u0107 obs\u0142ugi test\u00f3w jako\u015bciowych oraz ilo\u015bciowych, oferuj\u0105c wysok\u0105 dok\u0142adno\u015b\u0107 i czu\u0142o\u015b\u0107, szczeg\u00f3lnie dla pr\u00f3bek o ma\u0142ej obj\u0119to\u015bci.<\/p>\n\n\n\n<p><\/p>\n\n\n\n<p><\/p>\n\n\n\n<p class=\"has-text-align-center has-white-color has-gray-background-color has-text-color has-background has-link-color has-medium-font-size wp-elements-b2274232ff89fe7aed31f2b13150fc07\"><strong>Specyfikacje Mindray vetxpert C5<\/strong>&nbsp;\u2013 Analizator biochemiczny<\/p>\n\n\n<div class=\"wp-block-image\">\n<figure class=\"aligncenter size-large is-resized\"><img decoding=\"async\" src=\"http:\/\/stamar.pl\/wp-content\/uploads\/2025\/07\/C5-1024x1024.png\" alt=\"\" class=\"wp-image-140580\" style=\"width:350px\"\/><\/figure>\n<\/div>\n\n\n<p class=\"has-text-align-center\"><strong>Typ pr\u00f3bki<\/strong><br>Osocze, surowica, pe\u0142na krew<\/p>\n\n\n\n<p class=\"has-text-align-center\"><strong>Obj\u0119to\u015b\u0107 pr\u00f3bki<\/strong><br>100\u00b5l<\/p>\n\n\n\n<p class=\"has-text-align-center\"><strong>Czas pomiaru i reakcji<\/strong><br>\u2264 12 min<\/p>\n\n\n\n<p class=\"has-text-align-center\"><strong>Wy\u015bwietlacz<\/strong><br>7-calowy regulowany ekran dotykowy<\/p>\n\n\n\n<p class=\"has-text-align-center\"><strong>Wymiary i waga<\/strong><br>195Wx295Hx250D(mm) ; 5kg<\/p>\n\n\n\n<p><\/p>\n\n\n\n<p class=\"has-medium-font-size\"><strong>Dost\u0119pne parametry<\/strong><\/p>\n\n\n\n<div class=\"wp-block-columns is-layout-flex wp-container-core-columns-is-layout-9d6595d7 wp-block-columns-is-layout-flex\">\n<div class=\"wp-block-column is-layout-flow wp-block-column-is-layout-flow\" style=\"flex-basis:100%\">\n<figure class=\"wp-block-table is-style-stripes\"><table class=\"has-fixed-layout\"><tbody><tr><td><strong><em>Kompleksowy panel diagnostyczny (28 parametr\u00f3w)<\/em><\/strong><br>Bia\u0142ko ca\u0142kowite, ALB, GLOB, ALB\/GLOB, Bilurbina ca\u0142kowita, tCO2, LDH, ALT, AST, AST\/ALT, ALP, CK, AMY, Mocznik, Kreatynina, Mocznik\/Kreatynina, Na+, K+, Na\/K, Cl, CaxP, Ca, P, Cholesterol ca\u0142kowity, GLU, GGT, LDH, TBA, TG&nbsp;&nbsp;&nbsp;&nbsp;&nbsp;&nbsp;&nbsp;&nbsp;&nbsp;&nbsp;&nbsp;&nbsp;&nbsp;&nbsp;&nbsp;&nbsp;<\/td><\/tr><tr><td><strong><em>Og\u00f3lna ocena stanu zdrowia (19 parametr\u00f3w)<\/em><\/strong><br>Bia\u0142ko ca\u0142kowite, ALB, GLOB, ALB\/GLOB, Bilurbina ca\u0142kowita, ALT, ALP, CK, AMY, Mocznik, Kreatynina, Mocznik\/Kreatynina, CaxP, Ca, P, Cholesterol ca\u0142kowity, GLU, GGT, TG*<\/td><\/tr><tr><td><em><strong>Panel przed znieczuleniem (10 parametr\u00f3w)<\/strong><\/em><br>Bia\u0142ko ca\u0142kowite, ALB, GLOB, ALB\/GLOB, ALT, ALP, Mocznik, Kreatynina, Mocznik\/Kreatynina, GLU<\/td><\/tr><tr><td><strong><em>Profil nerkowy (11 parametr\u00f3w)<\/em><\/strong><br>Bia\u0142ko ca\u0142kowite, ALB, GLOB, A\/G, Mocznik, Kreatynina, Mocznik\/Kreatynina, Ca, P, CaxP, Kwas moczowy<\/td><\/tr><tr><td><em><strong>Profil w\u0105trobowy (12 parametr\u00f3w)<\/strong><\/em><br>Bia\u0142ko ca\u0142kowite, ALB, GLOB, ALB\/GLOB, Bilurbina ca\u0142kowita,, ALT, AST, AST\/ALT, ALP, GGT, Mocznik, Cholesterol ca\u0142kowity, GLU, TBA*&nbsp;&nbsp;&nbsp;&nbsp;&nbsp;&nbsp;&nbsp;<\/td><\/tr><tr><td><strong><em>Profil Elektrolity (13 parametr\u00f3w)<\/em><\/strong><br>K+, Na+, Na\/K, Cl, tCO2, Ca, P, CaxP, Mg, GLU, Mocznik, Kreatynina, Mocznik\/Kreatynina<\/td><\/tr><tr><td><strong><em>Profil Ptaki\/Gady (20 parametr\u00f3w)<\/em><\/strong><br>TP, ALB, GLOB, A\/G, AST, Mocznik, Cholesterol ca\u0142kowity, GLU, K+, Na+, Na\/K, P, Ca, CaxP, CK, LDH, UA, Mg, TBA, TG<\/td><\/tr><tr><td><strong><em>Profil Du\u017ce zwierz\u0119ta (13 parametr\u00f3w)<\/em><\/strong>*<br>TP, ALB, GLOB, A\/G, AST, ALP, GGT, Mocznik, P, Ca, CaxP, CK<\/td><\/tr><tr><td><strong><em>Profil Equine (19 parametr\u00f3w)<\/em><\/strong>*<br>TP, ALB, GLOB, A\/G, AST, ALP, GGT, TBIL, Mocznik, Kreatynina, Mocznik\/Kreatynina, GLU, K+, Na+, Na\/K, Ca, CK, tCO2, LDH<\/td><\/tr><tr><td><strong><em>Profil Stany zapalne ps\u00f3w (6 parametr\u00f3w)<\/em><\/strong>*<br>Mocznik, Kreatynina, Mocznik\/Kreatynina, AMY, c-CRP*, LIPA-D*<\/td><\/tr><tr><td><strong><em>Profil Stany zapalne kot\u00f3w (9 parametr\u00f3w)<\/em><\/strong>*<br>ALB, ALP, GGT, Mocznik, Kreatynina, Mocznik\/Kreatynina, TBA, f-SAA*, LIPA-D*<\/td><\/tr><\/tbody><\/table><figcaption class=\"wp-element-caption\">*dost\u0119pne wkr\u00f3tce<\/figcaption><\/figure>\n<\/div>\n<\/div>\n\n\n\n<p class=\"has-text-align-center has-white-color has-gray-background-color has-text-color has-background has-link-color has-medium-font-size wp-elements-0cf62b557c82169eb8fa6a59a5ab8cf6\"><strong>Specyfikacje Mindray vetxpert I3<\/strong>&nbsp;\u2013 Analizator do hormon\u00f3w i immunochemii<\/p>\n\n\n<div class=\"wp-block-image\">\n<figure class=\"aligncenter size-large is-resized\"><img decoding=\"async\" src=\"http:\/\/stamar.pl\/wp-content\/uploads\/2025\/07\/i3-1024x1024.png\" alt=\"\" class=\"wp-image-140582\" style=\"width:350px\"\/><\/figure>\n<\/div>\n\n\n<p class=\"has-text-align-center\"><strong>Typ pr\u00f3bki<\/strong><br>Osocze, wymaz gard\u0142owy\/spoj\u00f3wkowy\/nosowy, ka\u0142,<br>surowica, pe\u0142na krew<\/p>\n\n\n\n<p class=\"has-text-align-center\"><strong>Obj\u0119to\u015b\u0107 pr\u00f3bki<\/strong><br>2\u00b5l~100\u00b5l<\/p>\n\n\n\n<p class=\"has-text-align-center\"><strong>Czas pomiaru i reakcji<\/strong><br>5~15 minut<\/p>\n\n\n\n<p class=\"has-text-align-center\"><strong>Wy\u015bwietlacz<\/strong><br>7-calowy regulowany ekran dotykowy<\/p>\n\n\n\n<p class=\"has-text-align-center\"><strong>Wymiary i waga<\/strong><br>195Wx275Hx250D(mm) ; 4,2kg<\/p>\n\n\n\n<p><\/p>\n\n\n\n<p class=\"has-medium-font-size\"><strong>Dost\u0119pne parametry<\/strong><\/p>\n\n\n\n<figure class=\"wp-block-table is-style-stripes\"><table class=\"has-fixed-layout\"><tbody><tr><td>canine CRP<\/td><\/tr><tr><td>feline SAA Amyloid A<\/td><\/tr><tr><td>Kortyzol<\/td><\/tr><tr><td>canine Lipaza<\/td><\/tr><tr><td>feline Lipaza<\/td><\/tr><tr><td>Progesteron<\/td><\/tr><tr><td>canine T4<\/td><\/tr><tr><td>feline T4<\/td><\/tr><tr><td>TSH<\/td><\/tr><tr><td>CPV Ag<\/td><\/tr><tr><td>CCV Ag<\/td><\/tr><tr><td>CDV Ag<\/td><\/tr><tr><td>CIV Ag<\/td><\/tr><tr><td>Heartworm Ag<\/td><\/tr><tr><td>Ehrlichia canis Ab<\/td><\/tr><tr><td>feline Toxo Ab IgG\/IgM<\/td><\/tr><tr><td>Anaplasma Ab<\/td><\/tr><tr><td>Giardia Ag<\/td><\/tr><tr><td>FPV Ag<\/td><\/tr><tr><td>FCoV Ag<\/td><\/tr><tr><td>FIV Ab<\/td><\/tr><tr><td>FeLV Ag<\/td><\/tr><tr><td>SDMA*<\/td><\/tr><tr><td>D-dimer<\/td><\/tr><tr><td>CAV Ab<\/td><\/tr><tr><td>CDV Ab<\/td><\/tr><tr><td>CPV Ab<\/td><\/tr><tr><td>FPV Ab<\/td><\/tr><tr><td>FHV Ab<\/td><\/tr><tr><td>FCV Ab<\/td><\/tr><tr><td>cNT-proBNP<\/td><\/tr><tr><td>fNT-proBNP<\/td><\/tr><tr><td>fTnl<\/td><\/tr><tr><td>cTnl<\/td><\/tr><tr><td>Heartworm Ag\/ Ehrlichia canis Ab\/ Anaplasma Ab\/ Mykoplasma Ab<\/td><\/tr><\/tbody><\/table><figcaption class=\"wp-element-caption\">*dost\u0119pne wkr\u00f3tce<\/figcaption><\/figure>\n\n\n\n<p><\/p>\n\n\n\n<p class=\"has-text-align-center has-white-color has-gray-background-color has-text-color has-background has-link-color has-medium-font-size wp-elements-d76410b4e9efc1c392b3253342dda47a\"><strong>Mindray vetxpert CUBE<\/strong> &#8211; Analizator 2w1<\/p>\n\n\n<div class=\"wp-block-image\">\n<figure class=\"aligncenter size-large is-resized\"><img decoding=\"async\" src=\"http:\/\/stamar.pl\/wp-content\/uploads\/2025\/07\/vetXpert-Cube-1-channel-1.png\" alt=\"\" class=\"wp-image-140583\" style=\"width:421px;height:auto\"\/><\/figure>\n<\/div>\n\n\n<p class=\"has-text-align-center\">Zintegrowane po\u0142\u0105czenie analizatora biochemicznego z immunologicznym, co znacz\u0105co zwi\u0119ksza efektywno\u015b\u0107 pracy.<\/p>\n\n\n\n<p class=\"has-text-align-center\">Mo\u017cliwo\u015b\u0107 wykonywania bada\u0144 biochemicznych oraz immunologicznych <strong>JEDNOCZE\u015aNIE<\/strong>.<\/p>\n\n\n\n<div class=\"wp-block-buttons is-layout-flex wp-block-buttons-is-layout-flex\">\n<div class=\"wp-block-button\"><a class=\"wp-block-button__link wp-element-button\" href=\"http:\/\/stamar.pl\/pytanie-o-produkt\">Zapytaj o produkt<\/a><\/div>\n<\/div>\n\n\n\n<p><\/p>\n","protected":false},"excerpt":{"rendered":"<p>Jeden system \u2013 wiele instrument\u00f3w i mo\u017cliwo\u015bci Zintegrowany system sterowania, kt\u00f3ry pozwala na \u0142\u0105cznie analizatora biochemicznego z immunologicznym, co znacz\u0105co zwi\u0119ksza efektywno\u015b\u0107 pracy. VetXpert C5 umo\u017cliwia przebadanie 28 parametr\u00f3w przy u\u017cyciu tylko 100\u00b5L pr\u00f3bki, w zaledwie 12 min. Modu\u0142 immunochemii umo\u017cliwia badanie hormon\u00f3w, bia\u0142ek ostrej fazy, lipaz specyficznych, przeciwcia\u0142 oraz antygen\u00f3w, chor\u00f3b zaka\u017anych, a tak\u017ce [&#8230;]<\/p>\n<p><a class=\"understrap-read-more-link\" href=\"https:\/\/stamar.pl\/en\/mindray-vetxpert\/\">ZOBACZ<span class=\"screen-reader-text\"> from Mindray VetXpert<\/span><img decoding=\"async\" src=\"\/wp-content\/themes\/stamar-2024\/src\/img\/arrow-right.svg\" alt=\"ikona strza\u0142ka\"><\/a><\/p>\n","protected":false},"author":2389,"featured_media":0,"parent":0,"menu_order":0,"comment_status":"closed","ping_status":"closed","template":"","meta":{"_acf_changed":false,"footnotes":""},"class_list":["post-161104","page","type-page","status-publish","hentry"],"acf":[],"yoast_head":"<!-- This site is optimized with the Yoast SEO plugin v27.4 - https:\/\/yoast.com\/product\/yoast-seo-wordpress\/ -->\n<title>Mindray VetXpert - Stamar<\/title>\n<meta name=\"robots\" content=\"index, follow, max-snippet:-1, max-image-preview:large, max-video-preview:-1\" \/>\n<link rel=\"canonical\" href=\"https:\/\/stamar.pl\/en\/mindray-vetxpert\/\" \/>\n<meta property=\"og:locale\" content=\"en_US\" \/>\n<meta property=\"og:type\" content=\"article\" \/>\n<meta property=\"og:title\" content=\"Mindray VetXpert - Stamar\" \/>\n<meta property=\"og:description\" content=\"Jeden system \u2013 wiele instrument\u00f3w i mo\u017cliwo\u015bci Zintegrowany system sterowania, kt\u00f3ry pozwala na \u0142\u0105cznie analizatora biochemicznego z immunologicznym, co znacz\u0105co zwi\u0119ksza efektywno\u015b\u0107 pracy. VetXpert C5 umo\u017cliwia przebadanie 28 parametr\u00f3w przy u\u017cyciu tylko 100\u00b5L pr\u00f3bki, w zaledwie 12 min. Modu\u0142 immunochemii umo\u017cliwia badanie hormon\u00f3w, bia\u0142ek ostrej fazy, lipaz specyficznych, przeciwcia\u0142 oraz antygen\u00f3w, chor\u00f3b zaka\u017anych, a tak\u017ce [...]ZOBACZ from Mindray VetXpert\" \/>\n<meta property=\"og:url\" content=\"https:\/\/stamar.pl\/en\/mindray-vetxpert\/\" \/>\n<meta property=\"og:site_name\" content=\"Stamar\" \/>\n<meta property=\"article:modified_time\" content=\"2025-11-12T11:47:54+00:00\" \/>\n<meta property=\"og:image\" content=\"http:\/\/stamar.pl\/wp-content\/uploads\/2025\/07\/EN-Mindray-Animal-Logo-transparent-background-1024x301.png\" \/>\n<meta name=\"twitter:card\" content=\"summary_large_image\" \/>\n<meta name=\"twitter:label1\" content=\"Est. reading time\" \/>\n\t<meta name=\"twitter:data1\" content=\"3 minutes\" \/>\n<script type=\"application\/ld+json\" class=\"yoast-schema-graph\">{\"@context\":\"https:\\\/\\\/schema.org\",\"@graph\":[{\"@type\":\"WebPage\",\"@id\":\"https:\\\/\\\/stamar.pl\\\/en\\\/mindray-vetxpert\\\/\",\"url\":\"https:\\\/\\\/stamar.pl\\\/en\\\/mindray-vetxpert\\\/\",\"name\":\"Mindray VetXpert - Stamar\",\"isPartOf\":{\"@id\":\"https:\\\/\\\/stamar.pl\\\/en\\\/#website\"},\"primaryImageOfPage\":{\"@id\":\"https:\\\/\\\/stamar.pl\\\/en\\\/mindray-vetxpert\\\/#primaryimage\"},\"image\":{\"@id\":\"https:\\\/\\\/stamar.pl\\\/en\\\/mindray-vetxpert\\\/#primaryimage\"},\"thumbnailUrl\":\"http:\\\/\\\/stamar.pl\\\/wp-content\\\/uploads\\\/2025\\\/07\\\/EN-Mindray-Animal-Logo-transparent-background-1024x301.png\",\"datePublished\":\"2025-11-12T11:43:17+00:00\",\"dateModified\":\"2025-11-12T11:47:54+00:00\",\"breadcrumb\":{\"@id\":\"https:\\\/\\\/stamar.pl\\\/en\\\/mindray-vetxpert\\\/#breadcrumb\"},\"inLanguage\":\"en-US\",\"potentialAction\":[{\"@type\":\"ReadAction\",\"target\":[\"https:\\\/\\\/stamar.pl\\\/en\\\/mindray-vetxpert\\\/\"]}]},{\"@type\":\"ImageObject\",\"inLanguage\":\"en-US\",\"@id\":\"https:\\\/\\\/stamar.pl\\\/en\\\/mindray-vetxpert\\\/#primaryimage\",\"url\":\"http:\\\/\\\/stamar.pl\\\/wp-content\\\/uploads\\\/2025\\\/07\\\/EN-Mindray-Animal-Logo-transparent-background-1024x301.png\",\"contentUrl\":\"http:\\\/\\\/stamar.pl\\\/wp-content\\\/uploads\\\/2025\\\/07\\\/EN-Mindray-Animal-Logo-transparent-background-1024x301.png\"},{\"@type\":\"BreadcrumbList\",\"@id\":\"https:\\\/\\\/stamar.pl\\\/en\\\/mindray-vetxpert\\\/#breadcrumb\",\"itemListElement\":[{\"@type\":\"ListItem\",\"position\":1,\"name\":\"Home\",\"item\":\"https:\\\/\\\/stamar.pl\\\/en\\\/about-us\\\/\"},{\"@type\":\"ListItem\",\"position\":2,\"name\":\"Mindray VetXpert\"}]},{\"@type\":\"WebSite\",\"@id\":\"https:\\\/\\\/stamar.pl\\\/en\\\/#website\",\"url\":\"https:\\\/\\\/stamar.pl\\\/en\\\/\",\"name\":\"Stamar\",\"description\":\"Odczynniki i analizatory do diagnostyki laboratoryjnej\",\"publisher\":{\"@id\":\"https:\\\/\\\/stamar.pl\\\/en\\\/#organization\"},\"potentialAction\":[{\"@type\":\"SearchAction\",\"target\":{\"@type\":\"EntryPoint\",\"urlTemplate\":\"https:\\\/\\\/stamar.pl\\\/en\\\/?s={search_term_string}\"},\"query-input\":{\"@type\":\"PropertyValueSpecification\",\"valueRequired\":true,\"valueName\":\"search_term_string\"}}],\"inLanguage\":\"en-US\"},{\"@type\":\"Organization\",\"@id\":\"https:\\\/\\\/stamar.pl\\\/en\\\/#organization\",\"name\":\"STAMAR\",\"url\":\"https:\\\/\\\/stamar.pl\\\/en\\\/\",\"logo\":{\"@type\":\"ImageObject\",\"inLanguage\":\"en-US\",\"@id\":\"https:\\\/\\\/stamar.pl\\\/en\\\/#\\\/schema\\\/logo\\\/image\\\/\",\"url\":\"https:\\\/\\\/stamar.pl\\\/wp-content\\\/uploads\\\/2017\\\/05\\\/favicon.png\",\"contentUrl\":\"https:\\\/\\\/stamar.pl\\\/wp-content\\\/uploads\\\/2017\\\/05\\\/favicon.png\",\"width\":156,\"height\":156,\"caption\":\"STAMAR\"},\"image\":{\"@id\":\"https:\\\/\\\/stamar.pl\\\/en\\\/#\\\/schema\\\/logo\\\/image\\\/\"}}]}<\/script>\n<!-- \/ Yoast SEO plugin. -->","yoast_head_json":{"title":"Mindray VetXpert - Stamar","robots":{"index":"index","follow":"follow","max-snippet":"max-snippet:-1","max-image-preview":"max-image-preview:large","max-video-preview":"max-video-preview:-1"},"canonical":"https:\/\/stamar.pl\/en\/mindray-vetxpert\/","og_locale":"en_US","og_type":"article","og_title":"Mindray VetXpert - Stamar","og_description":"Jeden system \u2013 wiele instrument\u00f3w i mo\u017cliwo\u015bci Zintegrowany system sterowania, kt\u00f3ry pozwala na \u0142\u0105cznie analizatora biochemicznego z immunologicznym, co znacz\u0105co zwi\u0119ksza efektywno\u015b\u0107 pracy. VetXpert C5 umo\u017cliwia przebadanie 28 parametr\u00f3w przy u\u017cyciu tylko 100\u00b5L pr\u00f3bki, w zaledwie 12 min. Modu\u0142 immunochemii umo\u017cliwia badanie hormon\u00f3w, bia\u0142ek ostrej fazy, lipaz specyficznych, przeciwcia\u0142 oraz antygen\u00f3w, chor\u00f3b zaka\u017anych, a tak\u017ce [...]ZOBACZ from Mindray VetXpert","og_url":"https:\/\/stamar.pl\/en\/mindray-vetxpert\/","og_site_name":"Stamar","article_modified_time":"2025-11-12T11:47:54+00:00","og_image":[{"url":"http:\/\/stamar.pl\/wp-content\/uploads\/2025\/07\/EN-Mindray-Animal-Logo-transparent-background-1024x301.png","type":"","width":"","height":""}],"twitter_card":"summary_large_image","twitter_misc":{"Est. reading time":"3 minutes"},"schema":{"@context":"https:\/\/schema.org","@graph":[{"@type":"WebPage","@id":"https:\/\/stamar.pl\/en\/mindray-vetxpert\/","url":"https:\/\/stamar.pl\/en\/mindray-vetxpert\/","name":"Mindray VetXpert - Stamar","isPartOf":{"@id":"https:\/\/stamar.pl\/en\/#website"},"primaryImageOfPage":{"@id":"https:\/\/stamar.pl\/en\/mindray-vetxpert\/#primaryimage"},"image":{"@id":"https:\/\/stamar.pl\/en\/mindray-vetxpert\/#primaryimage"},"thumbnailUrl":"http:\/\/stamar.pl\/wp-content\/uploads\/2025\/07\/EN-Mindray-Animal-Logo-transparent-background-1024x301.png","datePublished":"2025-11-12T11:43:17+00:00","dateModified":"2025-11-12T11:47:54+00:00","breadcrumb":{"@id":"https:\/\/stamar.pl\/en\/mindray-vetxpert\/#breadcrumb"},"inLanguage":"en-US","potentialAction":[{"@type":"ReadAction","target":["https:\/\/stamar.pl\/en\/mindray-vetxpert\/"]}]},{"@type":"ImageObject","inLanguage":"en-US","@id":"https:\/\/stamar.pl\/en\/mindray-vetxpert\/#primaryimage","url":"http:\/\/stamar.pl\/wp-content\/uploads\/2025\/07\/EN-Mindray-Animal-Logo-transparent-background-1024x301.png","contentUrl":"http:\/\/stamar.pl\/wp-content\/uploads\/2025\/07\/EN-Mindray-Animal-Logo-transparent-background-1024x301.png"},{"@type":"BreadcrumbList","@id":"https:\/\/stamar.pl\/en\/mindray-vetxpert\/#breadcrumb","itemListElement":[{"@type":"ListItem","position":1,"name":"Home","item":"https:\/\/stamar.pl\/en\/about-us\/"},{"@type":"ListItem","position":2,"name":"Mindray VetXpert"}]},{"@type":"WebSite","@id":"https:\/\/stamar.pl\/en\/#website","url":"https:\/\/stamar.pl\/en\/","name":"Stamar","description":"Odczynniki i analizatory do diagnostyki laboratoryjnej","publisher":{"@id":"https:\/\/stamar.pl\/en\/#organization"},"potentialAction":[{"@type":"SearchAction","target":{"@type":"EntryPoint","urlTemplate":"https:\/\/stamar.pl\/en\/?s={search_term_string}"},"query-input":{"@type":"PropertyValueSpecification","valueRequired":true,"valueName":"search_term_string"}}],"inLanguage":"en-US"},{"@type":"Organization","@id":"https:\/\/stamar.pl\/en\/#organization","name":"STAMAR","url":"https:\/\/stamar.pl\/en\/","logo":{"@type":"ImageObject","inLanguage":"en-US","@id":"https:\/\/stamar.pl\/en\/#\/schema\/logo\/image\/","url":"https:\/\/stamar.pl\/wp-content\/uploads\/2017\/05\/favicon.png","contentUrl":"https:\/\/stamar.pl\/wp-content\/uploads\/2017\/05\/favicon.png","width":156,"height":156,"caption":"STAMAR"},"image":{"@id":"https:\/\/stamar.pl\/en\/#\/schema\/logo\/image\/"}}]}},"_links":{"self":[{"href":"https:\/\/stamar.pl\/en\/wp-json\/wp\/v2\/pages\/161104","targetHints":{"allow":["GET"]}}],"collection":[{"href":"https:\/\/stamar.pl\/en\/wp-json\/wp\/v2\/pages"}],"about":[{"href":"https:\/\/stamar.pl\/en\/wp-json\/wp\/v2\/types\/page"}],"author":[{"embeddable":true,"href":"https:\/\/stamar.pl\/en\/wp-json\/wp\/v2\/users\/2389"}],"replies":[{"embeddable":true,"href":"https:\/\/stamar.pl\/en\/wp-json\/wp\/v2\/comments?post=161104"}],"version-history":[{"count":0,"href":"https:\/\/stamar.pl\/en\/wp-json\/wp\/v2\/pages\/161104\/revisions"}],"wp:attachment":[{"href":"https:\/\/stamar.pl\/en\/wp-json\/wp\/v2\/media?parent=161104"}],"curies":[{"name":"wp","href":"https:\/\/api.w.org\/{rel}","templated":true}]}}