{"id":161098,"date":"2025-11-12T12:35:27","date_gmt":"2025-11-12T11:35:27","guid":{"rendered":"https:\/\/stamar.pl\/?page_id=161098"},"modified":"2025-11-12T12:35:28","modified_gmt":"2025-11-12T11:35:28","slug":"mindray-bc-2800vet-automatyczny-analizator-hematologiczny","status":"publish","type":"page","link":"https:\/\/stamar.pl\/en\/mindray-bc-2800vet-automatyczny-analizator-hematologiczny\/","title":{"rendered":"MINDRAY BC-2800vet &#8211; Automatyczny analizator hematologiczny"},"content":{"rendered":"\n<figure class=\"wp-block-image size-large is-resized\"><img decoding=\"async\" src=\"http:\/\/stamar.pl\/wp-content\/uploads\/2025\/07\/EN-Mindray-Animal-Logo-transparent-background-1024x301.png\" alt=\"\" class=\"wp-image-140579\" style=\"width:250px\"\/><\/figure>\n\n\n<div class=\"wp-block-image\">\n<figure class=\"aligncenter size-large is-resized\"><img loading=\"lazy\" decoding=\"async\" width=\"854\" height=\"1024\" src=\"http:\/\/stamar.pl\/wp-content\/uploads\/2017\/01\/MINDRAY-BC-2800Vet-854x1024.jpg\" alt=\"\" class=\"wp-image-47811\" style=\"width:516px;height:auto\" srcset=\"https:\/\/stamar.pl\/wp-content\/uploads\/2017\/01\/MINDRAY-BC-2800Vet-854x1024.jpg 854w, https:\/\/stamar.pl\/wp-content\/uploads\/2017\/01\/MINDRAY-BC-2800Vet-416x499.jpg 416w, https:\/\/stamar.pl\/wp-content\/uploads\/2017\/01\/MINDRAY-BC-2800Vet-250x300.jpg 250w, https:\/\/stamar.pl\/wp-content\/uploads\/2017\/01\/MINDRAY-BC-2800Vet-768x921.jpg 768w, https:\/\/stamar.pl\/wp-content\/uploads\/2017\/01\/MINDRAY-BC-2800Vet.jpg 1024w\" sizes=\"auto, (max-width: 854px) 100vw, 854px\" \/><\/figure>\n<\/div>\n\n\n<p>Poznaj nowoczesny, kompaktowy analizator hematologiczny zaprojektowany z my\u015bl\u0105 o szybkiej i dok\u0142adnej analizie krwi. Urz\u0105dzenie zapewnia <strong>r\u00f3\u017cnicowanie WBC na 3 grupy<\/strong>, oferuj\u0105c <strong>a\u017c 19 parametr\u00f3w hematologicznych oraz 3 histogramy (WBC, RBC, PLT)<\/strong>. Dzi\u0119ki <strong>zintegrowanemu systemowi zarz\u0105dzania odczynnikami<\/strong>, du\u017cemu kolorowemu wy\u015bwietlaczowi LCD oraz <strong>automatycznemu czyszczeniu ig\u0142y pobieraj\u0105cej<\/strong>, praca z urz\u0105dzeniem jest wyj\u0105tkowo intuicyjna i higieniczna.<\/p>\n\n\n\n<h4 class=\"wp-block-heading\"><strong>Najwa\u017cniejsze cechy:<\/strong><\/h4>\n\n\n\n<ul class=\"wp-block-list\">\n<li><strong>Wysoka wydajno\u015b\u0107<\/strong>: do 30 pr\u00f3bek na godzin\u0119<\/li>\n\n\n\n<li><strong>Pami\u0119\u0107 wewn\u0119trzna<\/strong>: do 10 000 wynik\u00f3w, wraz z histogramami<\/li>\n\n\n\n<li><strong>Parametry badania<\/strong>:<br>WBC, Lymph#, Mid#, Gran#, Lymph%, Mid%, Gran%, RBC, HGB, HCT, MCV, MCH, MCHC, RDW-CV, RDW-SD, PLT, MPV, PDW, PCT<\/li>\n\n\n\n<li><strong>Histogramy<\/strong>: WBC, RBC, PLT<\/li>\n\n\n\n<li><strong>Metoda pomiaru<\/strong>: pomiar rezystancji elektrycznej<\/li>\n\n\n\n<li><strong>Metoda oznaczania hemoglobiny<\/strong>: SFT<\/li>\n\n\n\n<li><strong>Obj\u0119to\u015b\u0107 pr\u00f3bki<\/strong>:\n<ul class=\"wp-block-list\">\n<li>Krew \u017cylna: 13 \u00b5L<\/li>\n\n\n\n<li>Krew kapilarna: 20 \u00b5L<\/li>\n<\/ul>\n<\/li>\n\n\n\n<li><strong>Wbudowana drukarka termiczna<\/strong> (szeroko\u015b\u0107 papieru: 50 mm)<\/li>\n\n\n\n<li><strong>Opcjonalne akcesoria<\/strong>: zewn\u0119trzna drukarka, czytnik kod\u00f3w kreskowych, klawiatura zewn\u0119trzna<\/li>\n<\/ul>\n\n\n\n<h4 class=\"wp-block-heading\"><strong>Wygodne u\u017cytkowanie<\/strong><\/h4>\n\n\n\n<ul class=\"wp-block-list\">\n<li>Automatyczne czyszczenie ig\u0142y zapewnia minimaln\u0105 ingerencj\u0119 u\u017cytkownika<\/li>\n\n\n\n<li>Du\u017cy, kolorowy ekran LCD zapewnia \u0142atwy odczyt wynik\u00f3w<\/li>\n\n\n\n<li>Kompaktowe wymiary: 43,7 x 32,2 x 38,6 cm<\/li>\n\n\n\n<li>Waga: 23 kg \u2013 idealny rozmiar do laboratori\u00f3w o r\u00f3\u017cnej wielko\u015bci<\/li>\n<\/ul>\n\n\n\n<p>Ten analizator to doskona\u0142y wyb\u00f3r dla plac\u00f3wek medycznych poszukuj\u0105cych urz\u0105dzenia, kt\u00f3re \u0142\u0105czy w sobie <strong>dok\u0142adno\u015b\u0107 pomiar\u00f3w, wydajno\u015b\u0107 i prostot\u0119 obs\u0142ugi<\/strong>.<\/p>\n\n\n\n<div class=\"wp-block-buttons is-layout-flex wp-block-buttons-is-layout-flex\">\n<div class=\"wp-block-button\"><a class=\"wp-block-button__link wp-element-button\" href=\"http:\/\/stamar.pl\/pytanie-o-produkt\">Zapytaj o produkt<\/a><\/div>\n<\/div>\n\n\n\n<p><\/p>\n","protected":false},"excerpt":{"rendered":"<p>Poznaj nowoczesny, kompaktowy analizator hematologiczny zaprojektowany z my\u015bl\u0105 o szybkiej i dok\u0142adnej analizie krwi. Urz\u0105dzenie zapewnia r\u00f3\u017cnicowanie WBC na 3 grupy, oferuj\u0105c a\u017c 19 parametr\u00f3w hematologicznych oraz 3 histogramy (WBC, RBC, PLT). Dzi\u0119ki zintegrowanemu systemowi zarz\u0105dzania odczynnikami, du\u017cemu kolorowemu wy\u015bwietlaczowi LCD oraz automatycznemu czyszczeniu ig\u0142y pobieraj\u0105cej, praca z urz\u0105dzeniem jest wyj\u0105tkowo intuicyjna i higieniczna. Najwa\u017cniejsze [&#8230;]<\/p>\n<p><a class=\"understrap-read-more-link\" href=\"https:\/\/stamar.pl\/en\/mindray-bc-2800vet-automatyczny-analizator-hematologiczny\/\">ZOBACZ<span class=\"screen-reader-text\"> from MINDRAY BC-2800vet &#8211; Automatyczny analizator hematologiczny<\/span><img decoding=\"async\" src=\"\/wp-content\/themes\/stamar-2024\/src\/img\/arrow-right.svg\" alt=\"ikona strza\u0142ka\"><\/a><\/p>\n","protected":false},"author":2389,"featured_media":0,"parent":0,"menu_order":0,"comment_status":"closed","ping_status":"closed","template":"","meta":{"_acf_changed":false,"footnotes":""},"class_list":["post-161098","page","type-page","status-publish","hentry"],"acf":[],"yoast_head":"<!-- This site is optimized with the Yoast SEO plugin v27.4 - https:\/\/yoast.com\/product\/yoast-seo-wordpress\/ -->\n<title>MINDRAY BC-2800vet - Automatyczny analizator hematologiczny - Stamar<\/title>\n<meta name=\"robots\" content=\"index, follow, max-snippet:-1, max-image-preview:large, max-video-preview:-1\" \/>\n<link rel=\"canonical\" href=\"https:\/\/stamar.pl\/en\/mindray-bc-2800vet-automatyczny-analizator-hematologiczny\/\" \/>\n<meta property=\"og:locale\" content=\"en_US\" \/>\n<meta property=\"og:type\" content=\"article\" \/>\n<meta property=\"og:title\" content=\"MINDRAY BC-2800vet - Automatyczny analizator hematologiczny - Stamar\" \/>\n<meta property=\"og:description\" content=\"Poznaj nowoczesny, kompaktowy analizator hematologiczny zaprojektowany z my\u015bl\u0105 o szybkiej i dok\u0142adnej analizie krwi. Urz\u0105dzenie zapewnia r\u00f3\u017cnicowanie WBC na 3 grupy, oferuj\u0105c a\u017c 19 parametr\u00f3w hematologicznych oraz 3 histogramy (WBC, RBC, PLT). Dzi\u0119ki zintegrowanemu systemowi zarz\u0105dzania odczynnikami, du\u017cemu kolorowemu wy\u015bwietlaczowi LCD oraz automatycznemu czyszczeniu ig\u0142y pobieraj\u0105cej, praca z urz\u0105dzeniem jest wyj\u0105tkowo intuicyjna i higieniczna. Najwa\u017cniejsze [...]ZOBACZ from MINDRAY BC-2800vet &#8211; Automatyczny analizator hematologiczny\" \/>\n<meta property=\"og:url\" content=\"https:\/\/stamar.pl\/en\/mindray-bc-2800vet-automatyczny-analizator-hematologiczny\/\" \/>\n<meta property=\"og:site_name\" content=\"Stamar\" \/>\n<meta property=\"article:modified_time\" content=\"2025-11-12T11:35:28+00:00\" \/>\n<meta property=\"og:image\" content=\"http:\/\/stamar.pl\/wp-content\/uploads\/2025\/07\/EN-Mindray-Animal-Logo-transparent-background-1024x301.png\" \/>\n<meta name=\"twitter:card\" content=\"summary_large_image\" \/>\n<meta name=\"twitter:label1\" content=\"Est. reading time\" \/>\n\t<meta name=\"twitter:data1\" content=\"1 minute\" \/>\n<script type=\"application\/ld+json\" class=\"yoast-schema-graph\">{\"@context\":\"https:\\\/\\\/schema.org\",\"@graph\":[{\"@type\":\"WebPage\",\"@id\":\"https:\\\/\\\/stamar.pl\\\/en\\\/mindray-bc-2800vet-automatyczny-analizator-hematologiczny\\\/\",\"url\":\"https:\\\/\\\/stamar.pl\\\/en\\\/mindray-bc-2800vet-automatyczny-analizator-hematologiczny\\\/\",\"name\":\"MINDRAY BC-2800vet - Automatyczny analizator hematologiczny - Stamar\",\"isPartOf\":{\"@id\":\"https:\\\/\\\/stamar.pl\\\/en\\\/#website\"},\"primaryImageOfPage\":{\"@id\":\"https:\\\/\\\/stamar.pl\\\/en\\\/mindray-bc-2800vet-automatyczny-analizator-hematologiczny\\\/#primaryimage\"},\"image\":{\"@id\":\"https:\\\/\\\/stamar.pl\\\/en\\\/mindray-bc-2800vet-automatyczny-analizator-hematologiczny\\\/#primaryimage\"},\"thumbnailUrl\":\"http:\\\/\\\/stamar.pl\\\/wp-content\\\/uploads\\\/2025\\\/07\\\/EN-Mindray-Animal-Logo-transparent-background-1024x301.png\",\"datePublished\":\"2025-11-12T11:35:27+00:00\",\"dateModified\":\"2025-11-12T11:35:28+00:00\",\"breadcrumb\":{\"@id\":\"https:\\\/\\\/stamar.pl\\\/en\\\/mindray-bc-2800vet-automatyczny-analizator-hematologiczny\\\/#breadcrumb\"},\"inLanguage\":\"en-US\",\"potentialAction\":[{\"@type\":\"ReadAction\",\"target\":[\"https:\\\/\\\/stamar.pl\\\/en\\\/mindray-bc-2800vet-automatyczny-analizator-hematologiczny\\\/\"]}]},{\"@type\":\"ImageObject\",\"inLanguage\":\"en-US\",\"@id\":\"https:\\\/\\\/stamar.pl\\\/en\\\/mindray-bc-2800vet-automatyczny-analizator-hematologiczny\\\/#primaryimage\",\"url\":\"http:\\\/\\\/stamar.pl\\\/wp-content\\\/uploads\\\/2025\\\/07\\\/EN-Mindray-Animal-Logo-transparent-background-1024x301.png\",\"contentUrl\":\"http:\\\/\\\/stamar.pl\\\/wp-content\\\/uploads\\\/2025\\\/07\\\/EN-Mindray-Animal-Logo-transparent-background-1024x301.png\"},{\"@type\":\"BreadcrumbList\",\"@id\":\"https:\\\/\\\/stamar.pl\\\/en\\\/mindray-bc-2800vet-automatyczny-analizator-hematologiczny\\\/#breadcrumb\",\"itemListElement\":[{\"@type\":\"ListItem\",\"position\":1,\"name\":\"Home\",\"item\":\"https:\\\/\\\/stamar.pl\\\/en\\\/about-us\\\/\"},{\"@type\":\"ListItem\",\"position\":2,\"name\":\"MINDRAY BC-2800vet &#8211; Automatyczny analizator hematologiczny\"}]},{\"@type\":\"WebSite\",\"@id\":\"https:\\\/\\\/stamar.pl\\\/en\\\/#website\",\"url\":\"https:\\\/\\\/stamar.pl\\\/en\\\/\",\"name\":\"Stamar\",\"description\":\"Odczynniki i analizatory do diagnostyki laboratoryjnej\",\"publisher\":{\"@id\":\"https:\\\/\\\/stamar.pl\\\/en\\\/#organization\"},\"potentialAction\":[{\"@type\":\"SearchAction\",\"target\":{\"@type\":\"EntryPoint\",\"urlTemplate\":\"https:\\\/\\\/stamar.pl\\\/en\\\/?s={search_term_string}\"},\"query-input\":{\"@type\":\"PropertyValueSpecification\",\"valueRequired\":true,\"valueName\":\"search_term_string\"}}],\"inLanguage\":\"en-US\"},{\"@type\":\"Organization\",\"@id\":\"https:\\\/\\\/stamar.pl\\\/en\\\/#organization\",\"name\":\"STAMAR\",\"url\":\"https:\\\/\\\/stamar.pl\\\/en\\\/\",\"logo\":{\"@type\":\"ImageObject\",\"inLanguage\":\"en-US\",\"@id\":\"https:\\\/\\\/stamar.pl\\\/en\\\/#\\\/schema\\\/logo\\\/image\\\/\",\"url\":\"https:\\\/\\\/stamar.pl\\\/wp-content\\\/uploads\\\/2017\\\/05\\\/favicon.png\",\"contentUrl\":\"https:\\\/\\\/stamar.pl\\\/wp-content\\\/uploads\\\/2017\\\/05\\\/favicon.png\",\"width\":156,\"height\":156,\"caption\":\"STAMAR\"},\"image\":{\"@id\":\"https:\\\/\\\/stamar.pl\\\/en\\\/#\\\/schema\\\/logo\\\/image\\\/\"}}]}<\/script>\n<!-- \/ Yoast SEO plugin. -->","yoast_head_json":{"title":"MINDRAY BC-2800vet - Automatyczny analizator hematologiczny - Stamar","robots":{"index":"index","follow":"follow","max-snippet":"max-snippet:-1","max-image-preview":"max-image-preview:large","max-video-preview":"max-video-preview:-1"},"canonical":"https:\/\/stamar.pl\/en\/mindray-bc-2800vet-automatyczny-analizator-hematologiczny\/","og_locale":"en_US","og_type":"article","og_title":"MINDRAY BC-2800vet - Automatyczny analizator hematologiczny - Stamar","og_description":"Poznaj nowoczesny, kompaktowy analizator hematologiczny zaprojektowany z my\u015bl\u0105 o szybkiej i dok\u0142adnej analizie krwi. Urz\u0105dzenie zapewnia r\u00f3\u017cnicowanie WBC na 3 grupy, oferuj\u0105c a\u017c 19 parametr\u00f3w hematologicznych oraz 3 histogramy (WBC, RBC, PLT). Dzi\u0119ki zintegrowanemu systemowi zarz\u0105dzania odczynnikami, du\u017cemu kolorowemu wy\u015bwietlaczowi LCD oraz automatycznemu czyszczeniu ig\u0142y pobieraj\u0105cej, praca z urz\u0105dzeniem jest wyj\u0105tkowo intuicyjna i higieniczna. Najwa\u017cniejsze [...]ZOBACZ from MINDRAY BC-2800vet &#8211; Automatyczny analizator hematologiczny","og_url":"https:\/\/stamar.pl\/en\/mindray-bc-2800vet-automatyczny-analizator-hematologiczny\/","og_site_name":"Stamar","article_modified_time":"2025-11-12T11:35:28+00:00","og_image":[{"url":"http:\/\/stamar.pl\/wp-content\/uploads\/2025\/07\/EN-Mindray-Animal-Logo-transparent-background-1024x301.png","type":"","width":"","height":""}],"twitter_card":"summary_large_image","twitter_misc":{"Est. reading time":"1 minute"},"schema":{"@context":"https:\/\/schema.org","@graph":[{"@type":"WebPage","@id":"https:\/\/stamar.pl\/en\/mindray-bc-2800vet-automatyczny-analizator-hematologiczny\/","url":"https:\/\/stamar.pl\/en\/mindray-bc-2800vet-automatyczny-analizator-hematologiczny\/","name":"MINDRAY BC-2800vet - Automatyczny analizator hematologiczny - Stamar","isPartOf":{"@id":"https:\/\/stamar.pl\/en\/#website"},"primaryImageOfPage":{"@id":"https:\/\/stamar.pl\/en\/mindray-bc-2800vet-automatyczny-analizator-hematologiczny\/#primaryimage"},"image":{"@id":"https:\/\/stamar.pl\/en\/mindray-bc-2800vet-automatyczny-analizator-hematologiczny\/#primaryimage"},"thumbnailUrl":"http:\/\/stamar.pl\/wp-content\/uploads\/2025\/07\/EN-Mindray-Animal-Logo-transparent-background-1024x301.png","datePublished":"2025-11-12T11:35:27+00:00","dateModified":"2025-11-12T11:35:28+00:00","breadcrumb":{"@id":"https:\/\/stamar.pl\/en\/mindray-bc-2800vet-automatyczny-analizator-hematologiczny\/#breadcrumb"},"inLanguage":"en-US","potentialAction":[{"@type":"ReadAction","target":["https:\/\/stamar.pl\/en\/mindray-bc-2800vet-automatyczny-analizator-hematologiczny\/"]}]},{"@type":"ImageObject","inLanguage":"en-US","@id":"https:\/\/stamar.pl\/en\/mindray-bc-2800vet-automatyczny-analizator-hematologiczny\/#primaryimage","url":"http:\/\/stamar.pl\/wp-content\/uploads\/2025\/07\/EN-Mindray-Animal-Logo-transparent-background-1024x301.png","contentUrl":"http:\/\/stamar.pl\/wp-content\/uploads\/2025\/07\/EN-Mindray-Animal-Logo-transparent-background-1024x301.png"},{"@type":"BreadcrumbList","@id":"https:\/\/stamar.pl\/en\/mindray-bc-2800vet-automatyczny-analizator-hematologiczny\/#breadcrumb","itemListElement":[{"@type":"ListItem","position":1,"name":"Home","item":"https:\/\/stamar.pl\/en\/about-us\/"},{"@type":"ListItem","position":2,"name":"MINDRAY BC-2800vet &#8211; Automatyczny analizator hematologiczny"}]},{"@type":"WebSite","@id":"https:\/\/stamar.pl\/en\/#website","url":"https:\/\/stamar.pl\/en\/","name":"Stamar","description":"Odczynniki i analizatory do diagnostyki laboratoryjnej","publisher":{"@id":"https:\/\/stamar.pl\/en\/#organization"},"potentialAction":[{"@type":"SearchAction","target":{"@type":"EntryPoint","urlTemplate":"https:\/\/stamar.pl\/en\/?s={search_term_string}"},"query-input":{"@type":"PropertyValueSpecification","valueRequired":true,"valueName":"search_term_string"}}],"inLanguage":"en-US"},{"@type":"Organization","@id":"https:\/\/stamar.pl\/en\/#organization","name":"STAMAR","url":"https:\/\/stamar.pl\/en\/","logo":{"@type":"ImageObject","inLanguage":"en-US","@id":"https:\/\/stamar.pl\/en\/#\/schema\/logo\/image\/","url":"https:\/\/stamar.pl\/wp-content\/uploads\/2017\/05\/favicon.png","contentUrl":"https:\/\/stamar.pl\/wp-content\/uploads\/2017\/05\/favicon.png","width":156,"height":156,"caption":"STAMAR"},"image":{"@id":"https:\/\/stamar.pl\/en\/#\/schema\/logo\/image\/"}}]}},"_links":{"self":[{"href":"https:\/\/stamar.pl\/en\/wp-json\/wp\/v2\/pages\/161098","targetHints":{"allow":["GET"]}}],"collection":[{"href":"https:\/\/stamar.pl\/en\/wp-json\/wp\/v2\/pages"}],"about":[{"href":"https:\/\/stamar.pl\/en\/wp-json\/wp\/v2\/types\/page"}],"author":[{"embeddable":true,"href":"https:\/\/stamar.pl\/en\/wp-json\/wp\/v2\/users\/2389"}],"replies":[{"embeddable":true,"href":"https:\/\/stamar.pl\/en\/wp-json\/wp\/v2\/comments?post=161098"}],"version-history":[{"count":0,"href":"https:\/\/stamar.pl\/en\/wp-json\/wp\/v2\/pages\/161098\/revisions"}],"wp:attachment":[{"href":"https:\/\/stamar.pl\/en\/wp-json\/wp\/v2\/media?parent=161098"}],"curies":[{"name":"wp","href":"https:\/\/api.w.org\/{rel}","templated":true}]}}