{"id":161096,"date":"2025-11-12T12:33:58","date_gmt":"2025-11-12T11:33:58","guid":{"rendered":"https:\/\/stamar.pl\/?page_id=161096"},"modified":"2025-11-12T12:33:59","modified_gmt":"2025-11-12T11:33:59","slug":"mindray-bc%e2%80%9130-vet-kompaktowy-analizator-hematologiczny-dla-weterynarii","status":"publish","type":"page","link":"https:\/\/stamar.pl\/en\/mindray-bc%e2%80%9130-vet-kompaktowy-analizator-hematologiczny-dla-weterynarii\/","title":{"rendered":"Mindray\u202fBC\u201130\u202fVet \u2013 kompaktowy analizator hematologiczny dla weterynarii"},"content":{"rendered":"\n<figure class=\"wp-block-image size-large is-resized\"><img decoding=\"async\" src=\"http:\/\/stamar.pl\/wp-content\/uploads\/2025\/07\/EN-Mindray-Animal-Logo-transparent-background-1024x301.png\" alt=\"\" class=\"wp-image-140579\" style=\"width:250px\"\/><\/figure>\n\n\n<div class=\"wp-block-image\">\n<figure class=\"aligncenter size-large is-resized\"><img decoding=\"async\" src=\"http:\/\/stamar.pl\/wp-content\/uploads\/2025\/07\/2VET-Photoroom-1-e1752153734154-1024x987.png\" alt=\"\" class=\"wp-image-140715\" style=\"width:680px\"\/><\/figure>\n<\/div>\n\n\n<p style=\"font-size:15px\">Nowoczesne urz\u0105dzenie do pe\u0142nej analizy krwi, oferuj\u0105ce <strong>4-poppulacyjne r\u00f3\u017cnicowanie WBC<\/strong>, 23 parametry i 4 histogramy \u2013 wszystko to w kompaktowej obudowie z wbudowan\u0105 drukark\u0105 i intuicyjnym ekranem dotykowym.<\/p>\n\n\n\n<hr class=\"wp-block-separator has-alpha-channel-opacity\"\/>\n\n\n\n<h3 class=\"wp-block-heading\">Najwa\u017cniejsze funkcje<\/h3>\n\n\n\n<ul class=\"wp-block-list\">\n<li><strong>CBC + 4\u2011DIFF<\/strong>: limfocyty, monocyty, neutrofile, eozynofile (+ histogramy: WBC, EOS, RBC, PLT) <\/li>\n\n\n\n<li><strong>23 parametry kliniczne<\/strong>: m.in. WBC, RBC, HGB, HCT, MCV, MCHC, PLT, MPV, P\u2011LCR (dla ps\u00f3w) <\/li>\n\n\n\n<li><strong>4 histogramy graficzne<\/strong> \u2013 wizualna interpretacja wynik\u00f3w dla WBC, EOS, RBC i PLT <\/li>\n\n\n\n<li><strong>Metoda impedancji<\/strong> dla kom\u00f3rek oraz bezcyjanidowy test hemoglobiny, zgodnie z aktualnymi normami <\/li>\n<\/ul>\n\n\n\n<hr class=\"wp-block-separator has-alpha-channel-opacity\"\/>\n\n\n\n<h3 class=\"wp-block-heading\">Obs\u0142ugiwane gatunki<\/h3>\n\n\n\n<p>Obs\u0142uga <strong>13 predefiniowanych gatunk\u00f3w<\/strong>: pies, kot, ko\u0144*, ma\u0142pa*, szczur*, mysz*, kr\u00f3lik*, \u015bwinia*, owca*, krowa*, koza*, wielb\u0142\u0105d*, lama*<\/p>\n\n\n\n<ul class=\"wp-block-list\">\n<li><strong>20 definiowalnych<\/strong> profili (dodatkowe gatunki) <br>*dost\u0119pno\u015b\u0107 wkr\u00f3tce<\/li>\n<\/ul>\n\n\n\n<hr class=\"wp-block-separator has-alpha-channel-opacity\"\/>\n\n\n\n<h3 class=\"wp-block-heading\">Wydajno\u015b\u0107 i automatyzacja<\/h3>\n\n\n\n<ul class=\"wp-block-list\">\n<li><strong>38 pr\u00f3bek\/godz.<\/strong> przy 9\u202f\u00b5L pe\u0142nej krwi (przy \u226525\u202f\u00b0C) <\/li>\n\n\n\n<li><strong>2 tryby pracy<\/strong>: z krwi pe\u0142nej lub wst\u0119pnie rozcie\u0144czonej <\/li>\n\n\n\n<li><strong>Automatyczne procesy<\/strong>: rozcie\u0144czanie, liza, mieszanie, pomiar, czyszczenie i mycie ig\u0142y <\/li>\n<\/ul>\n\n\n\n<hr class=\"wp-block-separator has-alpha-channel-opacity\"\/>\n\n\n\n<h3 class=\"wp-block-heading\">Interfejs i pami\u0119\u0107<\/h3>\n\n\n\n<ul class=\"wp-block-list\">\n<li><strong>8,4\u2033 kolorowy ekran TFT dotykowy<\/strong> \u2013 intuicyjne menu i bezpo\u015brednia obs\u0142uga bez komputera <\/li>\n\n\n\n<li><strong>Wbudowana drukarka termiczna<\/strong> do natychmiastowej wydruku wynik\u00f3w <\/li>\n\n\n\n<li><strong>Pami\u0119\u0107 do 100\u202f000 wynik\u00f3w<\/strong> wraz z histogramami <\/li>\n\n\n\n<li><strong>Interfejsy<\/strong>: 4\u00d7 USB (drukarka, myszka, klawiatura, skaner), LAN (HL7, bi\u2010kierunkowe LIS), Wi\u2011Fi opcjonalnie<\/li>\n<\/ul>\n\n\n\n<hr class=\"wp-block-separator has-alpha-channel-opacity\"\/>\n\n\n\n<h3 class=\"wp-block-heading\">Budowa i specyfikacja<\/h3>\n\n\n\n<figure class=\"wp-block-table\"><table class=\"has-fixed-layout\"><thead><tr><th>Cecha<\/th><th>Parametr<\/th><\/tr><\/thead><tbody><tr><td><strong>Obj\u0119to\u015b\u0107 pr\u00f3bki<\/strong><\/td><td>9\u202f\u00b5L pe\u0142na krew<\/td><\/tr><tr><td><strong>Wymiary<\/strong><\/td><td>410\u202f\u00d7\u202f305\u202f\u00d7\u202f400\u202fmm<\/td><\/tr><tr><td><strong>Waga<\/strong><\/td><td>\u2264\u202f20\u202fkg<\/td><\/tr><tr><td><strong>Temperatura \/ wilgotno\u015b\u0107<\/strong><\/td><td>10\u201330\u202f\u00b0C, 20\u201385\u202f%<\/td><\/tr><tr><td><strong>Zasilanie<\/strong><\/td><td>100\u2013240\u202fV, \u2264\u202f180\u202fVA, 50\/60\u202fHz<\/td><\/tr><\/tbody><\/table><\/figure>\n\n\n\n<hr class=\"wp-block-separator has-alpha-channel-opacity\"\/>\n\n\n\n<h3 class=\"wp-block-heading\">Kluczowe zalety<\/h3>\n\n\n\n<ul class=\"wp-block-list\">\n<li>Niska obj\u0119to\u015b\u0107 pr\u00f3bki \u2013 tylko 9\u202f\u00b5L<\/li>\n\n\n\n<li>Minimalne koszty eksploatacji dzi\u0119ki dw\u00f3m odczynnikiem<\/li>\n\n\n\n<li>Rzadka konserwacja \u2013 co 100 test\u00f3w lub co tydzie\u0144 <\/li>\n\n\n\n<li>Automatyczne flagowanie wynik\u00f3w \u2013 szybka detekcja nieprawid\u0142owo\u015bci<\/li>\n\n\n\n<li>Wbudowany system kontroli temperatury \u2013 stabilne wyniki niezale\u017cnie od warunk\u00f3w<\/li>\n<\/ul>\n\n\n\n<hr class=\"wp-block-separator has-alpha-channel-opacity\"\/>\n\n\n\n<p><strong>Mindray BC\u201130\u202fVet<\/strong> to doskona\u0142e po\u0142\u0105czenie precyzji, kompaktowo\u015bci i automatyzacji \u2013 idealny dla klinik, laboratori\u00f3w i gabinet\u00f3w weterynaryjnych. Skontaktuj si\u0119 z nami, by pozna\u0107 cen\u0119, przygotowa\u0107 prezentacj\u0119 lub wypo\u017cyczy\u0107 sprz\u0119t do test\u00f3w.<\/p>\n\n\n\n<div class=\"wp-block-buttons is-layout-flex wp-block-buttons-is-layout-flex\">\n<div class=\"wp-block-button\"><a class=\"wp-block-button__link wp-element-button\" href=\"http:\/\/stamar.pl\/pytanie-o-produkt\">Zapytaj o produkt<\/a><\/div>\n<\/div>\n\n\n\n<p><\/p>\n","protected":false},"excerpt":{"rendered":"<p>Nowoczesne urz\u0105dzenie do pe\u0142nej analizy krwi, oferuj\u0105ce 4-poppulacyjne r\u00f3\u017cnicowanie WBC, 23 parametry i 4 histogramy \u2013 wszystko to w kompaktowej obudowie z wbudowan\u0105 drukark\u0105 i intuicyjnym ekranem dotykowym. Najwa\u017cniejsze funkcje Obs\u0142ugiwane gatunki Obs\u0142uga 13 predefiniowanych gatunk\u00f3w: pies, kot, ko\u0144*, ma\u0142pa*, szczur*, mysz*, kr\u00f3lik*, \u015bwinia*, owca*, krowa*, koza*, wielb\u0142\u0105d*, lama* Wydajno\u015b\u0107 i automatyzacja Interfejs i pami\u0119\u0107 [&#8230;]<\/p>\n<p><a class=\"understrap-read-more-link\" href=\"https:\/\/stamar.pl\/en\/mindray-bc%e2%80%9130-vet-kompaktowy-analizator-hematologiczny-dla-weterynarii\/\">ZOBACZ<span class=\"screen-reader-text\"> from Mindray\u202fBC\u201130\u202fVet \u2013 kompaktowy analizator hematologiczny dla weterynarii<\/span><img decoding=\"async\" src=\"\/wp-content\/themes\/stamar-2024\/src\/img\/arrow-right.svg\" alt=\"ikona strza\u0142ka\"><\/a><\/p>\n","protected":false},"author":2389,"featured_media":0,"parent":0,"menu_order":0,"comment_status":"closed","ping_status":"closed","template":"","meta":{"_acf_changed":false,"footnotes":""},"class_list":["post-161096","page","type-page","status-publish","hentry"],"acf":[],"yoast_head":"<!-- This site is optimized with the Yoast SEO plugin v27.4 - https:\/\/yoast.com\/product\/yoast-seo-wordpress\/ -->\n<title>Mindray\u202fBC\u201130\u202fVet \u2013 kompaktowy analizator hematologiczny dla weterynarii - Stamar<\/title>\n<meta name=\"robots\" content=\"index, follow, max-snippet:-1, max-image-preview:large, max-video-preview:-1\" \/>\n<link rel=\"canonical\" href=\"https:\/\/stamar.pl\/en\/mindray-bc%e2%80%9130-vet-kompaktowy-analizator-hematologiczny-dla-weterynarii\/\" \/>\n<meta property=\"og:locale\" content=\"en_US\" \/>\n<meta property=\"og:type\" content=\"article\" \/>\n<meta property=\"og:title\" content=\"Mindray\u202fBC\u201130\u202fVet \u2013 kompaktowy analizator hematologiczny dla weterynarii - Stamar\" \/>\n<meta property=\"og:description\" content=\"Nowoczesne urz\u0105dzenie do pe\u0142nej analizy krwi, oferuj\u0105ce 4-poppulacyjne r\u00f3\u017cnicowanie WBC, 23 parametry i 4 histogramy \u2013 wszystko to w kompaktowej obudowie z wbudowan\u0105 drukark\u0105 i intuicyjnym ekranem dotykowym. Najwa\u017cniejsze funkcje Obs\u0142ugiwane gatunki Obs\u0142uga 13 predefiniowanych gatunk\u00f3w: pies, kot, ko\u0144*, ma\u0142pa*, szczur*, mysz*, kr\u00f3lik*, \u015bwinia*, owca*, krowa*, koza*, wielb\u0142\u0105d*, lama* Wydajno\u015b\u0107 i automatyzacja Interfejs i pami\u0119\u0107 [...]ZOBACZ from Mindray\u202fBC\u201130\u202fVet \u2013 kompaktowy analizator hematologiczny dla weterynarii\" \/>\n<meta property=\"og:url\" content=\"https:\/\/stamar.pl\/en\/mindray-bc%e2%80%9130-vet-kompaktowy-analizator-hematologiczny-dla-weterynarii\/\" \/>\n<meta property=\"og:site_name\" content=\"Stamar\" \/>\n<meta property=\"article:modified_time\" content=\"2025-11-12T11:33:59+00:00\" \/>\n<meta property=\"og:image\" content=\"http:\/\/stamar.pl\/wp-content\/uploads\/2025\/07\/EN-Mindray-Animal-Logo-transparent-background-1024x301.png\" \/>\n<meta name=\"twitter:card\" content=\"summary_large_image\" \/>\n<meta name=\"twitter:label1\" content=\"Est. reading time\" \/>\n\t<meta name=\"twitter:data1\" content=\"2 minutes\" \/>\n<script type=\"application\/ld+json\" class=\"yoast-schema-graph\">{\"@context\":\"https:\\\/\\\/schema.org\",\"@graph\":[{\"@type\":\"WebPage\",\"@id\":\"https:\\\/\\\/stamar.pl\\\/en\\\/mindray-bc%e2%80%9130-vet-kompaktowy-analizator-hematologiczny-dla-weterynarii\\\/\",\"url\":\"https:\\\/\\\/stamar.pl\\\/en\\\/mindray-bc%e2%80%9130-vet-kompaktowy-analizator-hematologiczny-dla-weterynarii\\\/\",\"name\":\"Mindray\u202fBC\u201130\u202fVet \u2013 kompaktowy analizator hematologiczny dla weterynarii - Stamar\",\"isPartOf\":{\"@id\":\"https:\\\/\\\/stamar.pl\\\/en\\\/#website\"},\"primaryImageOfPage\":{\"@id\":\"https:\\\/\\\/stamar.pl\\\/en\\\/mindray-bc%e2%80%9130-vet-kompaktowy-analizator-hematologiczny-dla-weterynarii\\\/#primaryimage\"},\"image\":{\"@id\":\"https:\\\/\\\/stamar.pl\\\/en\\\/mindray-bc%e2%80%9130-vet-kompaktowy-analizator-hematologiczny-dla-weterynarii\\\/#primaryimage\"},\"thumbnailUrl\":\"http:\\\/\\\/stamar.pl\\\/wp-content\\\/uploads\\\/2025\\\/07\\\/EN-Mindray-Animal-Logo-transparent-background-1024x301.png\",\"datePublished\":\"2025-11-12T11:33:58+00:00\",\"dateModified\":\"2025-11-12T11:33:59+00:00\",\"breadcrumb\":{\"@id\":\"https:\\\/\\\/stamar.pl\\\/en\\\/mindray-bc%e2%80%9130-vet-kompaktowy-analizator-hematologiczny-dla-weterynarii\\\/#breadcrumb\"},\"inLanguage\":\"en-US\",\"potentialAction\":[{\"@type\":\"ReadAction\",\"target\":[\"https:\\\/\\\/stamar.pl\\\/en\\\/mindray-bc%e2%80%9130-vet-kompaktowy-analizator-hematologiczny-dla-weterynarii\\\/\"]}]},{\"@type\":\"ImageObject\",\"inLanguage\":\"en-US\",\"@id\":\"https:\\\/\\\/stamar.pl\\\/en\\\/mindray-bc%e2%80%9130-vet-kompaktowy-analizator-hematologiczny-dla-weterynarii\\\/#primaryimage\",\"url\":\"http:\\\/\\\/stamar.pl\\\/wp-content\\\/uploads\\\/2025\\\/07\\\/EN-Mindray-Animal-Logo-transparent-background-1024x301.png\",\"contentUrl\":\"http:\\\/\\\/stamar.pl\\\/wp-content\\\/uploads\\\/2025\\\/07\\\/EN-Mindray-Animal-Logo-transparent-background-1024x301.png\"},{\"@type\":\"BreadcrumbList\",\"@id\":\"https:\\\/\\\/stamar.pl\\\/en\\\/mindray-bc%e2%80%9130-vet-kompaktowy-analizator-hematologiczny-dla-weterynarii\\\/#breadcrumb\",\"itemListElement\":[{\"@type\":\"ListItem\",\"position\":1,\"name\":\"Home\",\"item\":\"https:\\\/\\\/stamar.pl\\\/en\\\/about-us\\\/\"},{\"@type\":\"ListItem\",\"position\":2,\"name\":\"Mindray\u202fBC\u201130\u202fVet \u2013 kompaktowy analizator hematologiczny dla weterynarii\"}]},{\"@type\":\"WebSite\",\"@id\":\"https:\\\/\\\/stamar.pl\\\/en\\\/#website\",\"url\":\"https:\\\/\\\/stamar.pl\\\/en\\\/\",\"name\":\"Stamar\",\"description\":\"Odczynniki i analizatory do diagnostyki laboratoryjnej\",\"publisher\":{\"@id\":\"https:\\\/\\\/stamar.pl\\\/en\\\/#organization\"},\"potentialAction\":[{\"@type\":\"SearchAction\",\"target\":{\"@type\":\"EntryPoint\",\"urlTemplate\":\"https:\\\/\\\/stamar.pl\\\/en\\\/?s={search_term_string}\"},\"query-input\":{\"@type\":\"PropertyValueSpecification\",\"valueRequired\":true,\"valueName\":\"search_term_string\"}}],\"inLanguage\":\"en-US\"},{\"@type\":\"Organization\",\"@id\":\"https:\\\/\\\/stamar.pl\\\/en\\\/#organization\",\"name\":\"STAMAR\",\"url\":\"https:\\\/\\\/stamar.pl\\\/en\\\/\",\"logo\":{\"@type\":\"ImageObject\",\"inLanguage\":\"en-US\",\"@id\":\"https:\\\/\\\/stamar.pl\\\/en\\\/#\\\/schema\\\/logo\\\/image\\\/\",\"url\":\"https:\\\/\\\/stamar.pl\\\/wp-content\\\/uploads\\\/2017\\\/05\\\/favicon.png\",\"contentUrl\":\"https:\\\/\\\/stamar.pl\\\/wp-content\\\/uploads\\\/2017\\\/05\\\/favicon.png\",\"width\":156,\"height\":156,\"caption\":\"STAMAR\"},\"image\":{\"@id\":\"https:\\\/\\\/stamar.pl\\\/en\\\/#\\\/schema\\\/logo\\\/image\\\/\"}}]}<\/script>\n<!-- \/ Yoast SEO plugin. -->","yoast_head_json":{"title":"Mindray\u202fBC\u201130\u202fVet \u2013 kompaktowy analizator hematologiczny dla weterynarii - Stamar","robots":{"index":"index","follow":"follow","max-snippet":"max-snippet:-1","max-image-preview":"max-image-preview:large","max-video-preview":"max-video-preview:-1"},"canonical":"https:\/\/stamar.pl\/en\/mindray-bc%e2%80%9130-vet-kompaktowy-analizator-hematologiczny-dla-weterynarii\/","og_locale":"en_US","og_type":"article","og_title":"Mindray\u202fBC\u201130\u202fVet \u2013 kompaktowy analizator hematologiczny dla weterynarii - Stamar","og_description":"Nowoczesne urz\u0105dzenie do pe\u0142nej analizy krwi, oferuj\u0105ce 4-poppulacyjne r\u00f3\u017cnicowanie WBC, 23 parametry i 4 histogramy \u2013 wszystko to w kompaktowej obudowie z wbudowan\u0105 drukark\u0105 i intuicyjnym ekranem dotykowym. Najwa\u017cniejsze funkcje Obs\u0142ugiwane gatunki Obs\u0142uga 13 predefiniowanych gatunk\u00f3w: pies, kot, ko\u0144*, ma\u0142pa*, szczur*, mysz*, kr\u00f3lik*, \u015bwinia*, owca*, krowa*, koza*, wielb\u0142\u0105d*, lama* Wydajno\u015b\u0107 i automatyzacja Interfejs i pami\u0119\u0107 [...]ZOBACZ from Mindray\u202fBC\u201130\u202fVet \u2013 kompaktowy analizator hematologiczny dla weterynarii","og_url":"https:\/\/stamar.pl\/en\/mindray-bc%e2%80%9130-vet-kompaktowy-analizator-hematologiczny-dla-weterynarii\/","og_site_name":"Stamar","article_modified_time":"2025-11-12T11:33:59+00:00","og_image":[{"url":"http:\/\/stamar.pl\/wp-content\/uploads\/2025\/07\/EN-Mindray-Animal-Logo-transparent-background-1024x301.png","type":"","width":"","height":""}],"twitter_card":"summary_large_image","twitter_misc":{"Est. reading time":"2 minutes"},"schema":{"@context":"https:\/\/schema.org","@graph":[{"@type":"WebPage","@id":"https:\/\/stamar.pl\/en\/mindray-bc%e2%80%9130-vet-kompaktowy-analizator-hematologiczny-dla-weterynarii\/","url":"https:\/\/stamar.pl\/en\/mindray-bc%e2%80%9130-vet-kompaktowy-analizator-hematologiczny-dla-weterynarii\/","name":"Mindray\u202fBC\u201130\u202fVet \u2013 kompaktowy analizator hematologiczny dla weterynarii - Stamar","isPartOf":{"@id":"https:\/\/stamar.pl\/en\/#website"},"primaryImageOfPage":{"@id":"https:\/\/stamar.pl\/en\/mindray-bc%e2%80%9130-vet-kompaktowy-analizator-hematologiczny-dla-weterynarii\/#primaryimage"},"image":{"@id":"https:\/\/stamar.pl\/en\/mindray-bc%e2%80%9130-vet-kompaktowy-analizator-hematologiczny-dla-weterynarii\/#primaryimage"},"thumbnailUrl":"http:\/\/stamar.pl\/wp-content\/uploads\/2025\/07\/EN-Mindray-Animal-Logo-transparent-background-1024x301.png","datePublished":"2025-11-12T11:33:58+00:00","dateModified":"2025-11-12T11:33:59+00:00","breadcrumb":{"@id":"https:\/\/stamar.pl\/en\/mindray-bc%e2%80%9130-vet-kompaktowy-analizator-hematologiczny-dla-weterynarii\/#breadcrumb"},"inLanguage":"en-US","potentialAction":[{"@type":"ReadAction","target":["https:\/\/stamar.pl\/en\/mindray-bc%e2%80%9130-vet-kompaktowy-analizator-hematologiczny-dla-weterynarii\/"]}]},{"@type":"ImageObject","inLanguage":"en-US","@id":"https:\/\/stamar.pl\/en\/mindray-bc%e2%80%9130-vet-kompaktowy-analizator-hematologiczny-dla-weterynarii\/#primaryimage","url":"http:\/\/stamar.pl\/wp-content\/uploads\/2025\/07\/EN-Mindray-Animal-Logo-transparent-background-1024x301.png","contentUrl":"http:\/\/stamar.pl\/wp-content\/uploads\/2025\/07\/EN-Mindray-Animal-Logo-transparent-background-1024x301.png"},{"@type":"BreadcrumbList","@id":"https:\/\/stamar.pl\/en\/mindray-bc%e2%80%9130-vet-kompaktowy-analizator-hematologiczny-dla-weterynarii\/#breadcrumb","itemListElement":[{"@type":"ListItem","position":1,"name":"Home","item":"https:\/\/stamar.pl\/en\/about-us\/"},{"@type":"ListItem","position":2,"name":"Mindray\u202fBC\u201130\u202fVet \u2013 kompaktowy analizator hematologiczny dla weterynarii"}]},{"@type":"WebSite","@id":"https:\/\/stamar.pl\/en\/#website","url":"https:\/\/stamar.pl\/en\/","name":"Stamar","description":"Odczynniki i analizatory do diagnostyki laboratoryjnej","publisher":{"@id":"https:\/\/stamar.pl\/en\/#organization"},"potentialAction":[{"@type":"SearchAction","target":{"@type":"EntryPoint","urlTemplate":"https:\/\/stamar.pl\/en\/?s={search_term_string}"},"query-input":{"@type":"PropertyValueSpecification","valueRequired":true,"valueName":"search_term_string"}}],"inLanguage":"en-US"},{"@type":"Organization","@id":"https:\/\/stamar.pl\/en\/#organization","name":"STAMAR","url":"https:\/\/stamar.pl\/en\/","logo":{"@type":"ImageObject","inLanguage":"en-US","@id":"https:\/\/stamar.pl\/en\/#\/schema\/logo\/image\/","url":"https:\/\/stamar.pl\/wp-content\/uploads\/2017\/05\/favicon.png","contentUrl":"https:\/\/stamar.pl\/wp-content\/uploads\/2017\/05\/favicon.png","width":156,"height":156,"caption":"STAMAR"},"image":{"@id":"https:\/\/stamar.pl\/en\/#\/schema\/logo\/image\/"}}]}},"_links":{"self":[{"href":"https:\/\/stamar.pl\/en\/wp-json\/wp\/v2\/pages\/161096","targetHints":{"allow":["GET"]}}],"collection":[{"href":"https:\/\/stamar.pl\/en\/wp-json\/wp\/v2\/pages"}],"about":[{"href":"https:\/\/stamar.pl\/en\/wp-json\/wp\/v2\/types\/page"}],"author":[{"embeddable":true,"href":"https:\/\/stamar.pl\/en\/wp-json\/wp\/v2\/users\/2389"}],"replies":[{"embeddable":true,"href":"https:\/\/stamar.pl\/en\/wp-json\/wp\/v2\/comments?post=161096"}],"version-history":[{"count":0,"href":"https:\/\/stamar.pl\/en\/wp-json\/wp\/v2\/pages\/161096\/revisions"}],"wp:attachment":[{"href":"https:\/\/stamar.pl\/en\/wp-json\/wp\/v2\/media?parent=161096"}],"curies":[{"name":"wp","href":"https:\/\/api.w.org\/{rel}","templated":true}]}}