{"id":161094,"date":"2025-11-12T12:29:59","date_gmt":"2025-11-12T11:29:59","guid":{"rendered":"https:\/\/stamar.pl\/?page_id=161094"},"modified":"2025-11-12T12:30:01","modified_gmt":"2025-11-12T11:30:01","slug":"mindray-bc%e2%80%915000-vet-kompaktowy-analizator-hematologiczny-dla-weterynarii","status":"publish","type":"page","link":"https:\/\/stamar.pl\/en\/mindray-bc%e2%80%915000-vet-kompaktowy-analizator-hematologiczny-dla-weterynarii\/","title":{"rendered":"Mindray\u202fBC\u20115000\u202fVet \u2013 kompaktowy analizator hematologiczny dla weterynarii"},"content":{"rendered":"\n<figure class=\"wp-block-image size-large is-resized\"><img decoding=\"async\" src=\"http:\/\/stamar.pl\/wp-content\/uploads\/2025\/07\/EN-Mindray-Animal-Logo-transparent-background-1024x301.png\" alt=\"\" class=\"wp-image-140579\" style=\"width:238px\"\/><\/figure>\n\n\n<div class=\"wp-block-image\">\n<figure class=\"aligncenter size-large is-resized\"><img decoding=\"async\" src=\"http:\/\/stamar.pl\/wp-content\/uploads\/2025\/07\/bc5000-e1752151023522-799x1024.png\" alt=\"\" class=\"wp-image-140707\" style=\"width:714px;height:auto\"\/><\/figure>\n<\/div>\n\n\n<p>Nowoczesny, automatyczny analizator hematologiczny stworzony specjalnie do zastosowa\u0144 weterynaryjnych. Pozwala na pe\u0142n\u0105 morfologi\u0119 (CBC) i 5\u2011kategorowe r\u00f3\u017cnicowanie WBC w jednym urz\u0105dzeniu o niewielkich gabarytach, idealnym do gabinet\u00f3w i klinik o ograniczonej przestrzeni. <\/p>\n\n\n\n<hr class=\"wp-block-separator has-alpha-channel-opacity\"\/>\n\n\n\n<h3 class=\"wp-block-heading\"> Najwa\u017cniejsze cechy:<\/h3>\n\n\n\n<ul class=\"wp-block-list\">\n<li><strong>5-part WBC<\/strong> \u2013 zaawansowane r\u00f3\u017cnicowanie leukocyt\u00f3w: limfocyty, monocyty, neutrofile, eozynofile, bazofile<\/li>\n\n\n\n<li><strong>23 parametry hematologiczne<\/strong>, w tym RBC, HGB, HCT, PLT, MCV, MCH, RDW, MPV i inne <\/li>\n\n\n\n<li>Trzy <strong>skategramy i histogramy<\/strong> \u2013 wizualizacja dla WBC, RBC i PLT <\/li>\n\n\n\n<li><strong>Tri\u2011angle laser scatter + cytometria przep\u0142ywowa + barwienie<\/strong> \u2013 dedykowany kana\u0142 do bazofili gwarantuje precyzyjny pomiar nawet przy wysokim st\u0119\u017ceniu eozynofili <\/li>\n<\/ul>\n\n\n\n<hr class=\"wp-block-separator has-alpha-channel-opacity\"\/>\n\n\n\n<h3 class=\"wp-block-heading\">Obs\u0142ugiwane gatunki:<\/h3>\n\n\n\n<ul class=\"wp-block-list\">\n<li><strong>13 predefiniowanych<\/strong>: pies, kot, ko\u0144, ma\u0142pa, fretka, szczur, mysz, kr\u00f3lik, \u015bwinia, krowa, lama, koza, owca<\/li>\n\n\n\n<li>+\u202f<strong>20 dowolnych<\/strong>, programowalnych profili<\/li>\n<\/ul>\n\n\n\n<hr class=\"wp-block-separator has-alpha-channel-opacity\"\/>\n\n\n\n<h3 class=\"wp-block-heading\">Praca i wydajno\u015b\u0107:<\/h3>\n\n\n\n<ul class=\"wp-block-list\">\n<li>Obs\u0142uga <strong>krwi pe\u0142nej, kapilarnej lub rozcie\u0144czonej<\/strong><\/li>\n\n\n\n<li><strong>Wydajno\u015b\u0107 do 60 pr\u00f3bek\/godz.<\/strong> (model Vet; standardowy BC-5000 \u2013 40 pr\u00f3bek\/godz.) <\/li>\n\n\n\n<li><strong>Minimalna obj\u0119to\u015b\u0107 pr\u00f3bki:<\/strong> 15\u202f\u00b5L (pe\u0142na\/kapilarna), 20\u202f\u00b5L (rozcie\u0144czona)<\/li>\n\n\n\n<li><strong>Automatyczne procesy:<\/strong> mieszanie, lizowanie, pomiar, czyszczenie i mycie ig\u0142y<\/li>\n<\/ul>\n\n\n\n<hr class=\"wp-block-separator has-alpha-channel-opacity\"\/>\n\n\n\n<h3 class=\"wp-block-heading\">Interfejs i pami\u0119\u0107:<\/h3>\n\n\n\n<ul class=\"wp-block-list\">\n<li>Du\u017cy, <strong>10,4\u2033 kolorowy ekran TFT z obs\u0142ug\u0105 dotyku<\/strong> \u2013 intuicyjna praca bez komputera <\/li>\n\n\n\n<li><strong>Pami\u0119\u0107 do 40\u202f000 wynik\u00f3w<\/strong> z danymi liczbowymi i graficznymi <\/li>\n\n\n\n<li><strong>\u0141\u0105czno\u015b\u0107 bi\u2011kierunkowa z LIS<\/strong>, porty USB i LAN, mo\u017cliwo\u015b\u0107 pod\u0142\u0105czenia drukarki, klawiatury, skanera kod\u00f3w<\/li>\n<\/ul>\n\n\n\n<hr class=\"wp-block-separator has-alpha-channel-opacity\"\/>\n\n\n\n<h3 class=\"wp-block-heading\">Budowa &amp; specyfikacja:<\/h3>\n\n\n\n<ul class=\"wp-block-list\">\n<li><strong>Wymiary:<\/strong> ok. 410\u202f\u00d7\u202f325\u202f\u00d7\u202f435\u202fmm, <strong>waga:<\/strong> ~25\u202fkg<\/li>\n\n\n\n<li><strong>Zakres pracy:<\/strong> 10\u201330\u202f\u00b0C, wilgotno\u015b\u0107 20\u201385\u202f%, zasilanie 100\u2013240\u202fV, \u2264300\u202fVA <\/li>\n\n\n\n<li><strong>Dok\u0142adno\u015b\u0107 pomiar\u00f3w:<\/strong> WBC, RBC \u2264\u202f0,5\u202f%; HGB \u2264\u202f0,6\u202f%; PLT \u2264\u202f1\u202f% <\/li>\n<\/ul>\n\n\n\n<hr class=\"wp-block-separator has-alpha-channel-opacity\"\/>\n\n\n\n<h3 class=\"wp-block-heading\">Ekonomia i wygoda:<\/h3>\n\n\n\n<ul class=\"wp-block-list\">\n<li>Praca na <strong>trzech ekonomicznych odczynnikach<\/strong> z d\u0142ugim terminem przydatno\u015bci<\/li>\n\n\n\n<li><strong>Wewn\u0119trzny schowek<\/strong> na odczynniki \u2013 oszcz\u0119dno\u015b\u0107 miejsca i porz\u0105dek<\/li>\n\n\n\n<li>Automatyczne flagowanie wynik\u00f3w \u2013 natychmiastowe wskazanie nieprawid\u0142owo\u015bci<\/li>\n<\/ul>\n\n\n\n<hr class=\"wp-block-separator has-alpha-channel-opacity\"\/>\n\n\n\n<p><strong>Mindray BC\u20115000 Vet<\/strong> to idealne po\u0142\u0105czenie precyzji, kompaktowej konstrukcji i automatyzacji \u2013 doskona\u0142y wyb\u00f3r dla weterynarii, laboratorium diagnostycznego i klinik specjalistycznych. Skontaktuj si\u0119 z nami, by pozna\u0107 cen\u0119, zaplanowa\u0107 prezentacj\u0119 lub test w swoim o\u015brodku.<\/p>\n\n\n\n<div class=\"wp-block-buttons is-layout-flex wp-block-buttons-is-layout-flex\">\n<div class=\"wp-block-button\"><a class=\"wp-block-button__link wp-element-button\" href=\"http:\/\/stamar.pl\/pytanie-o-produkt\">Zapytaj o produkt<\/a><\/div>\n<\/div>\n\n\n\n<p><\/p>\n","protected":false},"excerpt":{"rendered":"<p>Nowoczesny, automatyczny analizator hematologiczny stworzony specjalnie do zastosowa\u0144 weterynaryjnych. Pozwala na pe\u0142n\u0105 morfologi\u0119 (CBC) i 5\u2011kategorowe r\u00f3\u017cnicowanie WBC w jednym urz\u0105dzeniu o niewielkich gabarytach, idealnym do gabinet\u00f3w i klinik o ograniczonej przestrzeni. Najwa\u017cniejsze cechy: Obs\u0142ugiwane gatunki: Praca i wydajno\u015b\u0107: Interfejs i pami\u0119\u0107: Budowa &amp; specyfikacja: Ekonomia i wygoda: Mindray BC\u20115000 Vet to idealne po\u0142\u0105czenie precyzji, [&#8230;]<\/p>\n<p><a class=\"understrap-read-more-link\" href=\"https:\/\/stamar.pl\/en\/mindray-bc%e2%80%915000-vet-kompaktowy-analizator-hematologiczny-dla-weterynarii\/\">ZOBACZ<span class=\"screen-reader-text\"> from Mindray\u202fBC\u20115000\u202fVet \u2013 kompaktowy analizator hematologiczny dla weterynarii<\/span><img decoding=\"async\" src=\"\/wp-content\/themes\/stamar-2024\/src\/img\/arrow-right.svg\" alt=\"ikona strza\u0142ka\"><\/a><\/p>\n","protected":false},"author":2389,"featured_media":0,"parent":0,"menu_order":0,"comment_status":"closed","ping_status":"closed","template":"","meta":{"_acf_changed":false,"footnotes":""},"class_list":["post-161094","page","type-page","status-publish","hentry"],"acf":[],"yoast_head":"<!-- This site is optimized with the Yoast SEO plugin v27.6 - https:\/\/yoast.com\/product\/yoast-seo-wordpress\/ -->\n<title>Mindray\u202fBC\u20115000\u202fVet \u2013 kompaktowy analizator hematologiczny dla weterynarii - Stamar<\/title>\n<meta name=\"robots\" content=\"index, follow, max-snippet:-1, max-image-preview:large, max-video-preview:-1\" \/>\n<link rel=\"canonical\" href=\"https:\/\/stamar.pl\/en\/mindray-bc%e2%80%915000-vet-kompaktowy-analizator-hematologiczny-dla-weterynarii\/\" \/>\n<meta property=\"og:locale\" content=\"en_US\" \/>\n<meta property=\"og:type\" content=\"article\" \/>\n<meta property=\"og:title\" content=\"Mindray\u202fBC\u20115000\u202fVet \u2013 kompaktowy analizator hematologiczny dla weterynarii - Stamar\" \/>\n<meta property=\"og:description\" content=\"Nowoczesny, automatyczny analizator hematologiczny stworzony specjalnie do zastosowa\u0144 weterynaryjnych. Pozwala na pe\u0142n\u0105 morfologi\u0119 (CBC) i 5\u2011kategorowe r\u00f3\u017cnicowanie WBC w jednym urz\u0105dzeniu o niewielkich gabarytach, idealnym do gabinet\u00f3w i klinik o ograniczonej przestrzeni. Najwa\u017cniejsze cechy: Obs\u0142ugiwane gatunki: Praca i wydajno\u015b\u0107: Interfejs i pami\u0119\u0107: Budowa &amp; specyfikacja: Ekonomia i wygoda: Mindray BC\u20115000 Vet to idealne po\u0142\u0105czenie precyzji, [...]ZOBACZ from Mindray\u202fBC\u20115000\u202fVet \u2013 kompaktowy analizator hematologiczny dla weterynarii\" \/>\n<meta property=\"og:url\" content=\"https:\/\/stamar.pl\/en\/mindray-bc%e2%80%915000-vet-kompaktowy-analizator-hematologiczny-dla-weterynarii\/\" \/>\n<meta property=\"og:site_name\" content=\"Stamar\" \/>\n<meta property=\"article:modified_time\" content=\"2025-11-12T11:30:01+00:00\" \/>\n<meta property=\"og:image\" content=\"http:\/\/stamar.pl\/wp-content\/uploads\/2025\/07\/EN-Mindray-Animal-Logo-transparent-background-1024x301.png\" \/>\n<meta name=\"twitter:card\" content=\"summary_large_image\" \/>\n<meta name=\"twitter:label1\" content=\"Est. reading time\" \/>\n\t<meta name=\"twitter:data1\" content=\"2 minutes\" \/>\n<script type=\"application\/ld+json\" class=\"yoast-schema-graph\">{\"@context\":\"https:\\\/\\\/schema.org\",\"@graph\":[{\"@type\":\"WebPage\",\"@id\":\"https:\\\/\\\/stamar.pl\\\/en\\\/mindray-bc%e2%80%915000-vet-kompaktowy-analizator-hematologiczny-dla-weterynarii\\\/\",\"url\":\"https:\\\/\\\/stamar.pl\\\/en\\\/mindray-bc%e2%80%915000-vet-kompaktowy-analizator-hematologiczny-dla-weterynarii\\\/\",\"name\":\"Mindray\u202fBC\u20115000\u202fVet \u2013 kompaktowy analizator hematologiczny dla weterynarii - Stamar\",\"isPartOf\":{\"@id\":\"https:\\\/\\\/stamar.pl\\\/en\\\/#website\"},\"primaryImageOfPage\":{\"@id\":\"https:\\\/\\\/stamar.pl\\\/en\\\/mindray-bc%e2%80%915000-vet-kompaktowy-analizator-hematologiczny-dla-weterynarii\\\/#primaryimage\"},\"image\":{\"@id\":\"https:\\\/\\\/stamar.pl\\\/en\\\/mindray-bc%e2%80%915000-vet-kompaktowy-analizator-hematologiczny-dla-weterynarii\\\/#primaryimage\"},\"thumbnailUrl\":\"http:\\\/\\\/stamar.pl\\\/wp-content\\\/uploads\\\/2025\\\/07\\\/EN-Mindray-Animal-Logo-transparent-background-1024x301.png\",\"datePublished\":\"2025-11-12T11:29:59+00:00\",\"dateModified\":\"2025-11-12T11:30:01+00:00\",\"breadcrumb\":{\"@id\":\"https:\\\/\\\/stamar.pl\\\/en\\\/mindray-bc%e2%80%915000-vet-kompaktowy-analizator-hematologiczny-dla-weterynarii\\\/#breadcrumb\"},\"inLanguage\":\"en-US\",\"potentialAction\":[{\"@type\":\"ReadAction\",\"target\":[\"https:\\\/\\\/stamar.pl\\\/en\\\/mindray-bc%e2%80%915000-vet-kompaktowy-analizator-hematologiczny-dla-weterynarii\\\/\"]}]},{\"@type\":\"ImageObject\",\"inLanguage\":\"en-US\",\"@id\":\"https:\\\/\\\/stamar.pl\\\/en\\\/mindray-bc%e2%80%915000-vet-kompaktowy-analizator-hematologiczny-dla-weterynarii\\\/#primaryimage\",\"url\":\"http:\\\/\\\/stamar.pl\\\/wp-content\\\/uploads\\\/2025\\\/07\\\/EN-Mindray-Animal-Logo-transparent-background-1024x301.png\",\"contentUrl\":\"http:\\\/\\\/stamar.pl\\\/wp-content\\\/uploads\\\/2025\\\/07\\\/EN-Mindray-Animal-Logo-transparent-background-1024x301.png\"},{\"@type\":\"BreadcrumbList\",\"@id\":\"https:\\\/\\\/stamar.pl\\\/en\\\/mindray-bc%e2%80%915000-vet-kompaktowy-analizator-hematologiczny-dla-weterynarii\\\/#breadcrumb\",\"itemListElement\":[{\"@type\":\"ListItem\",\"position\":1,\"name\":\"Home\",\"item\":\"https:\\\/\\\/stamar.pl\\\/en\\\/about-us\\\/\"},{\"@type\":\"ListItem\",\"position\":2,\"name\":\"Mindray\u202fBC\u20115000\u202fVet \u2013 kompaktowy analizator hematologiczny dla weterynarii\"}]},{\"@type\":\"WebSite\",\"@id\":\"https:\\\/\\\/stamar.pl\\\/en\\\/#website\",\"url\":\"https:\\\/\\\/stamar.pl\\\/en\\\/\",\"name\":\"Stamar\",\"description\":\"Odczynniki i analizatory do diagnostyki laboratoryjnej\",\"publisher\":{\"@id\":\"https:\\\/\\\/stamar.pl\\\/en\\\/#organization\"},\"potentialAction\":[{\"@type\":\"SearchAction\",\"target\":{\"@type\":\"EntryPoint\",\"urlTemplate\":\"https:\\\/\\\/stamar.pl\\\/en\\\/?s={search_term_string}\"},\"query-input\":{\"@type\":\"PropertyValueSpecification\",\"valueRequired\":true,\"valueName\":\"search_term_string\"}}],\"inLanguage\":\"en-US\"},{\"@type\":\"Organization\",\"@id\":\"https:\\\/\\\/stamar.pl\\\/en\\\/#organization\",\"name\":\"STAMAR\",\"url\":\"https:\\\/\\\/stamar.pl\\\/en\\\/\",\"logo\":{\"@type\":\"ImageObject\",\"inLanguage\":\"en-US\",\"@id\":\"https:\\\/\\\/stamar.pl\\\/en\\\/#\\\/schema\\\/logo\\\/image\\\/\",\"url\":\"https:\\\/\\\/stamar.pl\\\/wp-content\\\/uploads\\\/2017\\\/05\\\/favicon.png\",\"contentUrl\":\"https:\\\/\\\/stamar.pl\\\/wp-content\\\/uploads\\\/2017\\\/05\\\/favicon.png\",\"width\":156,\"height\":156,\"caption\":\"STAMAR\"},\"image\":{\"@id\":\"https:\\\/\\\/stamar.pl\\\/en\\\/#\\\/schema\\\/logo\\\/image\\\/\"}}]}<\/script>\n<!-- \/ Yoast SEO plugin. -->","yoast_head_json":{"title":"Mindray\u202fBC\u20115000\u202fVet \u2013 kompaktowy analizator hematologiczny dla weterynarii - Stamar","robots":{"index":"index","follow":"follow","max-snippet":"max-snippet:-1","max-image-preview":"max-image-preview:large","max-video-preview":"max-video-preview:-1"},"canonical":"https:\/\/stamar.pl\/en\/mindray-bc%e2%80%915000-vet-kompaktowy-analizator-hematologiczny-dla-weterynarii\/","og_locale":"en_US","og_type":"article","og_title":"Mindray\u202fBC\u20115000\u202fVet \u2013 kompaktowy analizator hematologiczny dla weterynarii - Stamar","og_description":"Nowoczesny, automatyczny analizator hematologiczny stworzony specjalnie do zastosowa\u0144 weterynaryjnych. Pozwala na pe\u0142n\u0105 morfologi\u0119 (CBC) i 5\u2011kategorowe r\u00f3\u017cnicowanie WBC w jednym urz\u0105dzeniu o niewielkich gabarytach, idealnym do gabinet\u00f3w i klinik o ograniczonej przestrzeni. Najwa\u017cniejsze cechy: Obs\u0142ugiwane gatunki: Praca i wydajno\u015b\u0107: Interfejs i pami\u0119\u0107: Budowa &amp; specyfikacja: Ekonomia i wygoda: Mindray BC\u20115000 Vet to idealne po\u0142\u0105czenie precyzji, [...]ZOBACZ from Mindray\u202fBC\u20115000\u202fVet \u2013 kompaktowy analizator hematologiczny dla weterynarii","og_url":"https:\/\/stamar.pl\/en\/mindray-bc%e2%80%915000-vet-kompaktowy-analizator-hematologiczny-dla-weterynarii\/","og_site_name":"Stamar","article_modified_time":"2025-11-12T11:30:01+00:00","og_image":[{"url":"http:\/\/stamar.pl\/wp-content\/uploads\/2025\/07\/EN-Mindray-Animal-Logo-transparent-background-1024x301.png","type":"","width":"","height":""}],"twitter_card":"summary_large_image","twitter_misc":{"Est. reading time":"2 minutes"},"schema":{"@context":"https:\/\/schema.org","@graph":[{"@type":"WebPage","@id":"https:\/\/stamar.pl\/en\/mindray-bc%e2%80%915000-vet-kompaktowy-analizator-hematologiczny-dla-weterynarii\/","url":"https:\/\/stamar.pl\/en\/mindray-bc%e2%80%915000-vet-kompaktowy-analizator-hematologiczny-dla-weterynarii\/","name":"Mindray\u202fBC\u20115000\u202fVet \u2013 kompaktowy analizator hematologiczny dla weterynarii - Stamar","isPartOf":{"@id":"https:\/\/stamar.pl\/en\/#website"},"primaryImageOfPage":{"@id":"https:\/\/stamar.pl\/en\/mindray-bc%e2%80%915000-vet-kompaktowy-analizator-hematologiczny-dla-weterynarii\/#primaryimage"},"image":{"@id":"https:\/\/stamar.pl\/en\/mindray-bc%e2%80%915000-vet-kompaktowy-analizator-hematologiczny-dla-weterynarii\/#primaryimage"},"thumbnailUrl":"http:\/\/stamar.pl\/wp-content\/uploads\/2025\/07\/EN-Mindray-Animal-Logo-transparent-background-1024x301.png","datePublished":"2025-11-12T11:29:59+00:00","dateModified":"2025-11-12T11:30:01+00:00","breadcrumb":{"@id":"https:\/\/stamar.pl\/en\/mindray-bc%e2%80%915000-vet-kompaktowy-analizator-hematologiczny-dla-weterynarii\/#breadcrumb"},"inLanguage":"en-US","potentialAction":[{"@type":"ReadAction","target":["https:\/\/stamar.pl\/en\/mindray-bc%e2%80%915000-vet-kompaktowy-analizator-hematologiczny-dla-weterynarii\/"]}]},{"@type":"ImageObject","inLanguage":"en-US","@id":"https:\/\/stamar.pl\/en\/mindray-bc%e2%80%915000-vet-kompaktowy-analizator-hematologiczny-dla-weterynarii\/#primaryimage","url":"http:\/\/stamar.pl\/wp-content\/uploads\/2025\/07\/EN-Mindray-Animal-Logo-transparent-background-1024x301.png","contentUrl":"http:\/\/stamar.pl\/wp-content\/uploads\/2025\/07\/EN-Mindray-Animal-Logo-transparent-background-1024x301.png"},{"@type":"BreadcrumbList","@id":"https:\/\/stamar.pl\/en\/mindray-bc%e2%80%915000-vet-kompaktowy-analizator-hematologiczny-dla-weterynarii\/#breadcrumb","itemListElement":[{"@type":"ListItem","position":1,"name":"Home","item":"https:\/\/stamar.pl\/en\/about-us\/"},{"@type":"ListItem","position":2,"name":"Mindray\u202fBC\u20115000\u202fVet \u2013 kompaktowy analizator hematologiczny dla weterynarii"}]},{"@type":"WebSite","@id":"https:\/\/stamar.pl\/en\/#website","url":"https:\/\/stamar.pl\/en\/","name":"Stamar","description":"Odczynniki i analizatory do diagnostyki laboratoryjnej","publisher":{"@id":"https:\/\/stamar.pl\/en\/#organization"},"potentialAction":[{"@type":"SearchAction","target":{"@type":"EntryPoint","urlTemplate":"https:\/\/stamar.pl\/en\/?s={search_term_string}"},"query-input":{"@type":"PropertyValueSpecification","valueRequired":true,"valueName":"search_term_string"}}],"inLanguage":"en-US"},{"@type":"Organization","@id":"https:\/\/stamar.pl\/en\/#organization","name":"STAMAR","url":"https:\/\/stamar.pl\/en\/","logo":{"@type":"ImageObject","inLanguage":"en-US","@id":"https:\/\/stamar.pl\/en\/#\/schema\/logo\/image\/","url":"https:\/\/stamar.pl\/wp-content\/uploads\/2017\/05\/favicon.png","contentUrl":"https:\/\/stamar.pl\/wp-content\/uploads\/2017\/05\/favicon.png","width":156,"height":156,"caption":"STAMAR"},"image":{"@id":"https:\/\/stamar.pl\/en\/#\/schema\/logo\/image\/"}}]}},"_links":{"self":[{"href":"https:\/\/stamar.pl\/en\/wp-json\/wp\/v2\/pages\/161094","targetHints":{"allow":["GET"]}}],"collection":[{"href":"https:\/\/stamar.pl\/en\/wp-json\/wp\/v2\/pages"}],"about":[{"href":"https:\/\/stamar.pl\/en\/wp-json\/wp\/v2\/types\/page"}],"author":[{"embeddable":true,"href":"https:\/\/stamar.pl\/en\/wp-json\/wp\/v2\/users\/2389"}],"replies":[{"embeddable":true,"href":"https:\/\/stamar.pl\/en\/wp-json\/wp\/v2\/comments?post=161094"}],"version-history":[{"count":0,"href":"https:\/\/stamar.pl\/en\/wp-json\/wp\/v2\/pages\/161094\/revisions"}],"wp:attachment":[{"href":"https:\/\/stamar.pl\/en\/wp-json\/wp\/v2\/media?parent=161094"}],"curies":[{"name":"wp","href":"https:\/\/api.w.org\/{rel}","templated":true}]}}